{"id":512,"date":"2019-01-23T04:41:29","date_gmt":"2019-01-23T04:41:29","guid":{"rendered":"http:\/\/depts.washington.edu\/echrdb\/?page_id=512"},"modified":"2022-07-19T12:26:48","modified_gmt":"2022-07-19T12:26:48","slug":"contact-us","status":"publish","type":"page","link":"http:\/\/depts.washington.edu\/echrdb\/contact-us\/","title":{"rendered":"Contact us"},"content":{"rendered":"<p>Please email us with any questions or inquiries.<\/p>\n<p>We do our best to keep the information on our website and our datasets as accurate as possible. Should you encounter an error, please bring it to our attention so we can correct it.<\/p>\n<p>Please notify us about any publications that result from the use of ECHRdb data by sending us your bibliographic citation.<\/p>\n<p>Rachel Cichowski<br \/>\nDepartment of Political Science, University of Washington<br \/>\n<a href=\"mailto:rcichows@uw.edu\">rcichows [at] uw.edu<\/a><\/p>\n<p>Elizabeth Chrun<br \/>\nDepartment of Political Science, Universit\u00e9 du Qu\u00e9bec \u00e0 Montr\u00e9al<br \/>\n<a href=\"chrun.elizabeth@uqam.ca\">chrun.elizabeth [at] uqam.ca<\/a><\/p>\n","protected":false},"excerpt":{"rendered":"<p>Please email us with any questions or inquiries. We do our best to keep the information on our website and our datasets as accurate as possible. Should you encounter an error, please bring it to our attention so we can [&hellip;]<\/p>\n","protected":false},"author":3,"featured_media":0,"parent":0,"menu_order":0,"comment_status":"closed","ping_status":"closed","template":"page-templates\/page_fullwidth.php","meta":{"_exactmetrics_skip_tracking":false,"_exactmetrics_sitenote_active":false,"_exactmetrics_sitenote_note":"","_exactmetrics_sitenote_category":0,"footnotes":""},"class_list":["post-512","page","type-page","status-publish","hentry","clearfix"],"_links":{"self":[{"href":"http:\/\/depts.washington.edu\/echrdb\/wp-json\/wp\/v2\/pages\/512","targetHints":{"allow":["GET"]}}],"collection":[{"href":"http:\/\/depts.washington.edu\/echrdb\/wp-json\/wp\/v2\/pages"}],"about":[{"href":"http:\/\/depts.washington.edu\/echrdb\/wp-json\/wp\/v2\/types\/page"}],"author":[{"embeddable":true,"href":"http:\/\/depts.washington.edu\/echrdb\/wp-json\/wp\/v2\/users\/3"}],"replies":[{"embeddable":true,"href":"http:\/\/depts.washington.edu\/echrdb\/wp-json\/wp\/v2\/comments?post=512"}],"version-history":[{"count":5,"href":"http:\/\/depts.washington.edu\/echrdb\/wp-json\/wp\/v2\/pages\/512\/revisions"}],"predecessor-version":[{"id":575,"href":"http:\/\/depts.washington.edu\/echrdb\/wp-json\/wp\/v2\/pages\/512\/revisions\/575"}],"wp:attachment":[{"href":"http:\/\/depts.washington.edu\/echrdb\/wp-json\/wp\/v2\/media?parent=512"}],"curies":[{"name":"wp","href":"https:\/\/api.w.org\/{rel}","templated":true}]}}