{"id":6,"date":"2016-04-24T00:32:11","date_gmt":"2016-04-24T00:32:11","guid":{"rendered":"http:\/\/depts.washington.edu\/echrdb\/wordpress\/?page_id=6"},"modified":"2021-08-18T18:59:45","modified_gmt":"2021-08-18T18:59:45","slug":"about","status":"publish","type":"page","link":"http:\/\/depts.washington.edu\/echrdb\/about\/","title":{"rendered":"About"},"content":{"rendered":"<p><strong><em>INFORMING HUMAN RIGHTS DEVELOPMENT AND ENFORCEMENT<\/em><\/strong><\/p>\n<p>We are scholars who produce comprehensive data on European Court of Human Rights (ECHR) Judgments to promote justice, accountability and transparency through the legal process.\u00a0 The database (ECHRdb) includes over 15,000 ECHR judgments from 1960-2014, and identifies all interest and advocacy organization participation in the case.\u00a0 The ECHRdb establishes new field standards in data sharing, management and usability protocols easing access to vital human rights data.<\/p>\n<p><strong><em>USERS<\/em><\/strong><\/p>\n<p>The ECHRdb is cross-temporal, cross-national and\u00a0covers several legal domains. It is accessible to students, researchers, practitioners and the general public.\u00a0<strong><em>\u00a0<\/em><\/strong><\/p>\n<ul>\n<li><strong>Researchers and Educators<\/strong> can examine and analyze ECHR judgments on participation and decision level variables enabling innovative social science analysis and enhancing classroom curriculum.<\/li>\n<li><strong>Practitioners<\/strong> are able to quickly track trends in human rights violations by key variables such as defendant country, legal domain and decision outcome.<\/li>\n<li><strong>Advocacy Groups<\/strong> can quickly identify successful litigation strategies and mobilization patterns, facilitating a growing network, community and infrastructure for human rights protection.<\/li>\n<\/ul>\n<p><strong><em>DATA<\/em><\/strong><\/p>\n<p>The ECHRdb\u00a0makes available a set of downloadable raw data files and an online analysis tool enabling broad access to the data.\u00a0 The database includes variables detailing judicial decision patterns (subject matter, violation rate, defendant country, etc) and organization participation and effects (organization identification, participation rates, types of participation, amicus impact, domestic legal change, etc).<\/p>\n<ul>\n<li><strong>3 Datasets<\/strong>: Users can examine all the variables (Comprehensive) or narrow their analysis to focus on the judgment level patterns (Judgment Centered) or organization participation patterns (Participation Centered).<\/li>\n<li><strong>Online Analysis and Visualization<\/strong>: Users can filter the data, analyze frequencies, and compare variables. The data visualization uses an innovative new platform, <em>Arrays<\/em>, designed by Seattle based research and design firm, Schema Design. The ECHRdb comes to life through a fully interactive design offering custom views to visualize the data, from basic charts and graphs to interactive galleries and timelines.<\/li>\n<\/ul>\n<p><strong>\u00a0<\/strong><strong><em>TEAM AND FUNDING<\/em><\/strong><\/p>\n<p>The ECHRdb was developed by Principal Investigator Rachel Cichowski, Professor of Political Science and Law, Societies and Justice at the University of Washington.\u00a0 Elizabeth Chrun, Postdoctoral Fellow at the Department of Political Science at McGill University, serves as Lead Project Researcher and Web Developer. Christian Schmidt of Schema Design LLC serves as lead Design Specialist.\u00a0 The project received funding from the University of Washington (Royalty Research Fund), the National Science Foundation (SES 1322161, SES 1649863), and the Fonds de recherche Soci\u00e9t\u00e9 et culture du Qu\u00e9bec.<\/p>\n<p><em><strong>SUGGESTED CITATION<\/strong><\/em><\/p>\n<p>Cichowski, Rachel &amp; Elizabeth Chrun (2017).<em>\u00a0European Court of Human Rights Database (ECHRdb), Version 1.0 Release 2017.\u00a0<\/em><strong><a href=\"http:\/\/depts.washington.edu\/echrdb\/wordpress\/\">http:\/\/depts.washington.edu\/echrdb\/<\/a><\/strong><\/p>\n","protected":false},"excerpt":{"rendered":"<p>INFORMING HUMAN RIGHTS DEVELOPMENT AND ENFORCEMENT We are scholars who produce comprehensive data on European Court of Human Rights (ECHR) Judgments to promote justice, accountability and transparency through the legal process.\u00a0 The database (ECHRdb) includes over 15,000 ECHR judgments from [&hellip;]<\/p>\n","protected":false},"author":3,"featured_media":0,"parent":0,"menu_order":0,"comment_status":"closed","ping_status":"closed","template":"page-templates\/page_fullwidth.php","meta":{"_exactmetrics_skip_tracking":false,"_exactmetrics_sitenote_active":false,"_exactmetrics_sitenote_note":"","_exactmetrics_sitenote_category":0,"footnotes":""},"class_list":["post-6","page","type-page","status-publish","hentry","clearfix"],"_links":{"self":[{"href":"http:\/\/depts.washington.edu\/echrdb\/wp-json\/wp\/v2\/pages\/6","targetHints":{"allow":["GET"]}}],"collection":[{"href":"http:\/\/depts.washington.edu\/echrdb\/wp-json\/wp\/v2\/pages"}],"about":[{"href":"http:\/\/depts.washington.edu\/echrdb\/wp-json\/wp\/v2\/types\/page"}],"author":[{"embeddable":true,"href":"http:\/\/depts.washington.edu\/echrdb\/wp-json\/wp\/v2\/users\/3"}],"replies":[{"embeddable":true,"href":"http:\/\/depts.washington.edu\/echrdb\/wp-json\/wp\/v2\/comments?post=6"}],"version-history":[{"count":21,"href":"http:\/\/depts.washington.edu\/echrdb\/wp-json\/wp\/v2\/pages\/6\/revisions"}],"predecessor-version":[{"id":568,"href":"http:\/\/depts.washington.edu\/echrdb\/wp-json\/wp\/v2\/pages\/6\/revisions\/568"}],"wp:attachment":[{"href":"http:\/\/depts.washington.edu\/echrdb\/wp-json\/wp\/v2\/media?parent=6"}],"curies":[{"name":"wp","href":"https:\/\/api.w.org\/{rel}","templated":true}]}}