{"id":589,"date":"2024-01-12T01:41:18","date_gmt":"2024-01-12T01:41:18","guid":{"rendered":"https:\/\/depts.washington.edu\/chnadmin\/?page_id=589"},"modified":"2025-07-23T01:20:04","modified_gmt":"2025-07-23T01:20:04","slug":"fnirs-system","status":"publish","type":"page","link":"https:\/\/depts.washington.edu\/chnadmin\/fnirs-system\/","title":{"rendered":"fNIRS System"},"content":{"rendered":"<p><strong>NIRx NIRSport 2 fNIRS system<\/strong><\/p>\n<p>Thanks to a Student Technology Fee grant to Carly Gray (supervised by Professor Peter Kahn), a NIRx NIRSport 2 wearable fNIRS system, located in a quiet room in CHN (Kincaid Hall), is available to interested researchers across UW. <\/p>\n<p>Priority is given to undergraduate and graduate student researchers interested in using the system.<\/p>\n<div class=\"wp-block-image\">\n<figure class=\"aligncenter size-half is-resized\"><img loading=\"lazy\" decoding=\"async\" width=\"375\" height=\"300\" src=\"https:\/\/depts.washington.edu\/chnadmin\/wordpress\/wp-content\/uploads\/2024\/04\/KitchmaBackStrapBeltPouch-NIRSport25of22-375x300.jpg\" alt=\"\" class=\"wp-image-657\" style=\"width:439px;height:auto\" srcset=\"https:\/\/depts.washington.edu\/chnadmin\/wordpress\/wp-content\/uploads\/2024\/04\/KitchmaBackStrapBeltPouch-NIRSport25of22-375x300.jpg 375w, https:\/\/depts.washington.edu\/chnadmin\/wordpress\/wp-content\/uploads\/2024\/04\/KitchmaBackStrapBeltPouch-NIRSport25of22-300x240.jpg 300w, https:\/\/depts.washington.edu\/chnadmin\/wordpress\/wp-content\/uploads\/2024\/04\/KitchmaBackStrapBeltPouch-NIRSport25of22-768x614.jpg 768w, https:\/\/depts.washington.edu\/chnadmin\/wordpress\/wp-content\/uploads\/2024\/04\/KitchmaBackStrapBeltPouch-NIRSport25of22-750x600.jpg 750w, https:\/\/depts.washington.edu\/chnadmin\/wordpress\/wp-content\/uploads\/2024\/04\/KitchmaBackStrapBeltPouch-NIRSport25of22.jpg 833w\" sizes=\"auto, (max-width: 375px) 100vw, 375px\" \/><\/figure>\n<\/div>\n<p>The system includes 8 sources and 16 detectors, 16 short separation channels, a mobility pack, the NIRx WINGS system for measuring peripheral physiological signals (e.g., heart rate, body temperature, SpO2, etc.), and data acquisition software (Aurora fNIRS recording software).&nbsp;Nine cap sizes are available between sizes 40-60cm.<\/p>\n<p>It can record at sampling between 70-240 Hz. Data and event trigger signals may be transmitted via WiFi (for ambulatory recordings) or USB. Data may also be recorded directly to the system.<\/p>\n<p>Investigators are responsible for obtaining IRB approval.&nbsp;<\/p>\n<p>To gain access to this resource please email <a href=\"mailto:chnadmin@uw.edu\" target=\"_blank\" rel=\"noreferrer noopener\">chnadmin@uw.edu<\/a> and <a href=\"mailto:ionefine@uw.edu\" target=\"_blank\" rel=\"noreferrer noopener\">ionefine@uw.edu<\/a>. <\/p>\n<p>Once approved for using the system you can book time on the calendar <a href=\"https:\/\/urldefense.com\/v3\/__https:\/calendar.google.com\/calendar\/u\/0?cid=dXdjaG4uZXF1aXBtZW50QGdtYWlsLmNvbQ__;!!K-Hz7m0Vt54!hKsDaKdqcYzJ5C3PyqzjhWixTcuJ8HEyJJTn32tmNovvlKBIC5LDjEWBel-p5nMkCzowmKKOxzxxkps$\">here<\/a>.<\/p>\n<\/p>\n<h2 class=\"wp-block-heading\"><strong>USEFUL RESOURCES (Thanks to Carly Gray)<\/strong><\/h2>\n<p><strong><u>Articles<\/u><\/strong><\/p>\n<p><strong>General reviews (especially focused on use of fNIRS in real-world, ecologically valid settings):<\/strong><\/p>\n<p>Pinti, P., Tachtsidis, I., Burgess, P. W., &amp; Hamilton, A. F. D. C. (2023). Non-invasive optical imaging of brain function with fNIRS: Current status and way forward. In&nbsp;<em>Reference Module in Neuroscience and Biobehavioral Psychology<\/em>&nbsp;(p. B9780128204801000280). Elsevier.&nbsp;<a href=\"https:\/\/urldefense.com\/v3\/__https:\/doi.org\/10.1016\/B978-0-12-820480-1.00028-0__;!!K-Hz7m0Vt54!jHKB89dKGc8IWHSyFWB1g0Dgl4qSIFV-_J4Q_U88kpRaNnaT5xItwXfvgLzLuIG99ciEGeAF6ajTICk$\" target=\"_blank\" rel=\"noreferrer noopener\">https:\/\/doi.org\/10.1016\/B978-0-12-820480-1.00028-0<\/a><\/p>\n<p>Pinti, P., Aichelburg, C., Lind, F., Power, S., Swingler, E., Merla, A., Hamilton, A., Gilbert, S., Burgess, P., &amp; Tachtsidis, I. (2015). Using fiberless, wearable fNIRS to monitor brain activity in real-world cognitive tasks.&nbsp;<em>JoVE (Journal of Visualized Experiments)<\/em>,&nbsp;<em>106<\/em>, e53336.&nbsp;<a href=\"https:\/\/urldefense.com\/v3\/__https:\/doi.org\/10.3791\/53336__;!!K-Hz7m0Vt54!jHKB89dKGc8IWHSyFWB1g0Dgl4qSIFV-_J4Q_U88kpRaNnaT5xItwXfvgLzLuIG99ciEGeAFCpKwLZQ$\" target=\"_blank\" rel=\"noreferrer noopener\">https:\/\/doi.org\/10.3791\/53336<\/a><\/p>\n<p>Y\u00fccel, M. A., L\u00fchmann, A. v., Scholkmann, F., Gervain, J., Dan, I., Ayaz, H., Boas, D., Cooper, R. J., Culver, J., Elwell, C. E., Eggebrecht, A., Franceschini, M. A., Grova, C., Homae, F., Lesage, F., Obrig, H., Tachtsidis, I., Tak, S., Tong, Y., \u2026 Wolf, M. (2021). Best practices for fNIRS publications.&nbsp;<em>Neurophotonics<\/em>,&nbsp;<em>8<\/em>(1), 012101.&nbsp;<a href=\"https:\/\/urldefense.com\/v3\/__https:\/doi.org\/10.1117\/1.NPh.8.1.012101__;!!K-Hz7m0Vt54!jHKB89dKGc8IWHSyFWB1g0Dgl4qSIFV-_J4Q_U88kpRaNnaT5xItwXfvgLzLuIG99ciEGeAFVNaHiVk$\" target=\"_blank\" rel=\"noreferrer noopener\">https:\/\/doi.org\/10.1117\/1.NPh.8.1.012101<\/a><\/p>\n<p><strong>Analytic approaches and issues (especially focused on motion artifacts):<\/strong><\/p>\n<p>Barker, J. W., Aarabi, A., &amp; Huppert, T. J. (2013). Autoregressive model based algorithm for correcting motion and serially correlated errors in fNIRS.&nbsp;<em>Biomedical Optics Express<\/em>,&nbsp;<em>4<\/em>(8), 1366\u20131379.&nbsp;<a href=\"https:\/\/urldefense.com\/v3\/__https:\/doi.org\/10.1364\/BOE.4.001366__;!!K-Hz7m0Vt54!jHKB89dKGc8IWHSyFWB1g0Dgl4qSIFV-_J4Q_U88kpRaNnaT5xItwXfvgLzLuIG99ciEGeAFeHsLg-U$\" target=\"_blank\" rel=\"noreferrer noopener\">https:\/\/doi.org\/10.1364\/BOE.4.001366<\/a><\/p>\n<p>Brigadoi, S., Ceccherini, L., Cutini, S., Scarpa, F., Scatturin, P., Selb, J., Gagnon, L., Boas, D. A., &amp; Cooper, R. J. (2014). Motion artifacts in functional near-infrared spectroscopy: A comparison of motion correction techniques applied to real cognitive data.&nbsp;<em>NeuroImage<\/em>,&nbsp;<em>85<\/em>, 181\u2013191.&nbsp;<a href=\"https:\/\/urldefense.com\/v3\/__https:\/doi.org\/10.1016\/j.neuroimage.2013.04.082__;!!K-Hz7m0Vt54!jHKB89dKGc8IWHSyFWB1g0Dgl4qSIFV-_J4Q_U88kpRaNnaT5xItwXfvgLzLuIG99ciEGeAF2fSHZkU$\" target=\"_blank\" rel=\"noreferrer noopener\">https:\/\/doi.org\/10.1016\/j.neuroimage.2013.04.082<\/a><\/p>\n<p>Huppert, T. J. (2016). Commentary on the statistical properties of noise and its implication on general linear models in functional near-infrared spectroscopy.&nbsp;<em>Neurophotonics<\/em>,&nbsp;<em>3<\/em>(1), 010401.&nbsp;<a href=\"https:\/\/urldefense.com\/v3\/__https:\/doi.org\/10.1117\/1.NPh.3.1.010401__;!!K-Hz7m0Vt54!jHKB89dKGc8IWHSyFWB1g0Dgl4qSIFV-_J4Q_U88kpRaNnaT5xItwXfvgLzLuIG99ciEGeAFOqfUBX4$\" target=\"_blank\" rel=\"noreferrer noopener\">https:\/\/doi.org\/10.1117\/1.NPh.3.1.010401<\/a><\/p>\n<p>Pinti, P., Scholkmann, F., Hamilton, A., Burgess, P., &amp; Tachtsidis, I. (2019). Current status and issues regarding pre-processing of fNIRS neuroimaging data: An investigation of diverse signal filtering methods within a general linear model framework.&nbsp;<em>Frontiers in Human Neuroscience<\/em>,&nbsp;<em>12<\/em>.&nbsp;<a href=\"https:\/\/urldefense.com\/v3\/__https:\/www.frontiersin.org\/articles\/10.3389\/fnhum.2018.00505__;!!K-Hz7m0Vt54!jHKB89dKGc8IWHSyFWB1g0Dgl4qSIFV-_J4Q_U88kpRaNnaT5xItwXfvgLzLuIG99ciEGeAF2JgJ80w$\" target=\"_blank\" rel=\"noreferrer noopener\">https:\/\/www.frontiersin.org\/articles\/10.3389\/fnhum.2018.00505<\/a><\/p>\n<p>Tachtsidis, I., &amp; Scholkmann, F. (2016). False positives and false negatives in functional near-infrared spectroscopy: Issues, challenges, and the way forward.&nbsp;<em>Neurophotonics<\/em>,&nbsp;<em>3<\/em>(3), 031405.&nbsp;<a href=\"https:\/\/urldefense.com\/v3\/__https:\/doi.org\/10.1117\/1.NPh.3.3.031405__;!!K-Hz7m0Vt54!jHKB89dKGc8IWHSyFWB1g0Dgl4qSIFV-_J4Q_U88kpRaNnaT5xItwXfvgLzLuIG99ciEGeAFFyifymc$\" target=\"_blank\" rel=\"noreferrer noopener\">https:\/\/doi.org\/10.1117\/1.NPh.3.3.031405<\/a><\/p>\n<p>Tak, S., &amp; Ye, J. C. (2014). Statistical analysis of fNIRS data: A comprehensive review.&nbsp;<em>NeuroImage<\/em>,&nbsp;<em>85<\/em>, 72\u201391.&nbsp;<a href=\"https:\/\/urldefense.com\/v3\/__https:\/doi.org\/10.1016\/j.neuroimage.2013.06.016__;!!K-Hz7m0Vt54!jHKB89dKGc8IWHSyFWB1g0Dgl4qSIFV-_J4Q_U88kpRaNnaT5xItwXfvgLzLuIG99ciEGeAFl6MpNq4$\" target=\"_blank\" rel=\"noreferrer noopener\">https:\/\/doi.org\/10.1016\/j.neuroimage.2013.06.016<\/a><\/p>\n<p>von L\u00fchmann, A., Li, X., M\u00fcller, K.-R., Boas, D. A., &amp; Y\u00fccel, M. A. (2020). Improved physiological noise regression in fNIRS: A multimodal extension of the General Linear Model using temporally embedded Canonical Correlation Analysis.&nbsp;<em>NeuroImage<\/em>,&nbsp;<em>208<\/em>, 116472.&nbsp;<a href=\"https:\/\/urldefense.com\/v3\/__https:\/doi.org\/10.1016\/j.neuroimage.2019.116472__;!!K-Hz7m0Vt54!jHKB89dKGc8IWHSyFWB1g0Dgl4qSIFV-_J4Q_U88kpRaNnaT5xItwXfvgLzLuIG99ciEGeAFqHzR7fg$\" target=\"_blank\" rel=\"noreferrer noopener\">https:\/\/doi.org\/10.1016\/j.neuroimage.2019.116472<\/a><\/p>\n<p>von L\u00fchmann, A., Ortega-Martinez, A., Boas, D. A., &amp; Y\u00fccel, M. A. (2020). Using the General Linear Model to Improve Performance in fNIRS Single Trial Analysis and Classification: A Perspective.&nbsp;<em>Frontiers in Human Neuroscience<\/em>,&nbsp;<em>14<\/em>.&nbsp;<a href=\"https:\/\/urldefense.com\/v3\/__https:\/www.frontiersin.org\/articles\/10.3389\/fnhum.2020.00030__;!!K-Hz7m0Vt54!jHKB89dKGc8IWHSyFWB1g0Dgl4qSIFV-_J4Q_U88kpRaNnaT5xItwXfvgLzLuIG99ciEGeAFSa6iGtw$\" target=\"_blank\" rel=\"noreferrer noopener\">https:\/\/www.frontiersin.org\/articles\/10.3389\/fnhum.2020.00030<\/a><\/p>\n<p><strong>Inclusivity of darker skin tones and hair types in fNIRS research:<\/strong><\/p>\n<p>Kwasa, J., Peterson, H. M., Karrobi, K., Jones, L., Parker, T., Nickerson, N., &amp; Wood, S. (2023). Demographic reporting and phenotypic exclusion in fNIRS.&nbsp;<em>Frontiers in Neuroscience<\/em>,&nbsp;<em>17<\/em>.&nbsp;<a href=\"https:\/\/urldefense.com\/v3\/__https:\/www.frontiersin.org\/articles\/10.3389\/fnins.2023.1086208__;!!K-Hz7m0Vt54!jHKB89dKGc8IWHSyFWB1g0Dgl4qSIFV-_J4Q_U88kpRaNnaT5xItwXfvgLzLuIG99ciEGeAFmVOZ_po$\" target=\"_blank\" rel=\"noreferrer noopener\">https:\/\/www.frontiersin.org\/articles\/10.3389\/fnins.2023.1086208<\/a><\/p>\n<p><strong><u>Videos I found useful:<\/u><\/strong><\/p>\n<p><a href=\"https:\/\/urldefense.com\/v3\/__https:\/www.youtube.com\/c\/NIRxMedicalTechnologies__;!!K-Hz7m0Vt54!jHKB89dKGc8IWHSyFWB1g0Dgl4qSIFV-_J4Q_U88kpRaNnaT5xItwXfvgLzLuIG99ciEGeAFJx57uyM$\" target=\"_blank\" rel=\"noreferrer noopener\">NIRx&#8217;s YouTube channel<\/a>&nbsp;is really useful in general!<\/p>\n<ul class=\"wp-block-list\">\n<li>Intro to fNIRS and NIRx (unlisted but sent by NIRx to watch before training):&nbsp;<a href=\"https:\/\/urldefense.com\/v3\/__https:\/youtu.be\/KtibfRpV1gI?feature=shared__;!!K-Hz7m0Vt54!jHKB89dKGc8IWHSyFWB1g0Dgl4qSIFV-_J4Q_U88kpRaNnaT5xItwXfvgLzLuIG99ciEGeAFF-guEcY$\" target=\"_blank\" rel=\"noreferrer noopener\">https:\/\/youtu.be\/KtibfRpV1gI?feature=shared<\/a><\/li>\n<li>Motion correction:&nbsp;<a href=\"https:\/\/urldefense.com\/v3\/__https:\/youtu.be\/fBgbHgFubyI?feature=shared__;!!K-Hz7m0Vt54!jHKB89dKGc8IWHSyFWB1g0Dgl4qSIFV-_J4Q_U88kpRaNnaT5xItwXfvgLzLuIG99ciEGeAFNd7Kzjw$\" target=\"_blank\" rel=\"noreferrer noopener\">https:\/\/youtu.be\/fBgbHgFubyI?feature=shared<\/a><\/li>\n<\/ul>\n<p><strong><u>Software:<\/u><\/strong><\/p>\n<ul class=\"wp-block-list\">\n<li><strong><a href=\"https:\/\/urldefense.com\/v3\/__https:\/github.com\/nirx\/fOLD-public__;!!K-Hz7m0Vt54!jHKB89dKGc8IWHSyFWB1g0Dgl4qSIFV-_J4Q_U88kpRaNnaT5xItwXfvgLzLuIG99ciEGeAFEVqK7O0$\" target=\"_blank\" rel=\"noreferrer noopener\">fOLD<\/a>:<\/strong>&nbsp;this is the main montage creation software. You can select your preferred brain atlas and regions of interest and it will give you a suggested montage, including details about the specificity of each optode.&nbsp;<a href=\"https:\/\/urldefense.com\/v3\/__https:\/github.com\/nirx\/devfOLD__;!!K-Hz7m0Vt54!jHKB89dKGc8IWHSyFWB1g0Dgl4qSIFV-_J4Q_U88kpRaNnaT5xItwXfvgLzLuIG99ciEGeAFanmKmj8$\" target=\"_blank\" rel=\"noreferrer noopener\">devFOLD<\/a>&nbsp;is the version for montages for young kids!<\/li>\n<li><strong><a href=\"https:\/\/urldefense.com\/v3\/__https:\/nirx.net\/software__;!!K-Hz7m0Vt54!jHKB89dKGc8IWHSyFWB1g0Dgl4qSIFV-_J4Q_U88kpRaNnaT5xItwXfvgLzLuIG99ciEGeAFOH0tuy0$\" target=\"_blank\" rel=\"noreferrer noopener\">Aurora<\/a>:&nbsp;<\/strong>this is the proprietary data acquisition software from NIRx. I believe you can also do some analyses directly in Aurora, but most people export their data to analyze in Homer or NIRSToolbox.\n<ul>\n<li>User manual and install link are below<\/li>\n<\/ul>\n<ul class=\"wp-block-list\">\n<li><a href=\"https:\/\/urldefense.com\/v3\/__https:\/drive.google.com\/file\/d\/19lnJzlhnNNgUCePG3yvoWJS5kjpT2sz4\/view?usp=drive_web__;!!K-Hz7m0Vt54!jHKB89dKGc8IWHSyFWB1g0Dgl4qSIFV-_J4Q_U88kpRaNnaT5xItwXfvgLzLuIG99ciEGeAFhqNkTps$\" target=\"_blank\" rel=\"noreferrer noopener\">&nbsp;Aurora_Install_2023.9.6.exe<\/a><img decoding=\"async\" src=\"\"><\/li>\n<\/ul>\n<\/li>\n<\/ul>\n<p><a href=\"https:\/\/urldefense.com\/v3\/__https:\/drive.google.com\/file\/d\/14W40nNHdq9NsJETxvqpMQBiAFzGxrQxY\/view?usp=drive_web__;!!K-Hz7m0Vt54!jHKB89dKGc8IWHSyFWB1g0Dgl4qSIFV-_J4Q_U88kpRaNnaT5xItwXfvgLzLuIG99ciEGeAF3HDXI_g$\" target=\"_blank\" rel=\"noreferrer noopener\">&nbsp;UMA_Aurora_2023.9.6.pdf<\/a><img decoding=\"async\" src=\"\"><\/p>\n<ul class=\"wp-block-list\">\n<li><strong><a href=\"https:\/\/urldefense.com\/v3\/__https:\/github.com\/BUNPC\/Homer3\/wiki__;!!K-Hz7m0Vt54!jHKB89dKGc8IWHSyFWB1g0Dgl4qSIFV-_J4Q_U88kpRaNnaT5xItwXfvgLzLuIG99ciEGeAFZ276-7c$\" target=\"_blank\" rel=\"noreferrer noopener\">Homer3<\/a>:&nbsp;<\/strong>this is the software with more of a point-and-click GUI that&nbsp;runs ontop of Matlab. You can visualize your data, do some preprocessing, and do some types of analyses (I would have done visual inspection and some very preliminary preprocessing here and then switched to NIRSToolbox)<\/li>\n<li><a href=\"https:\/\/urldefense.com\/v3\/__https:\/github.com\/huppertt\/nirs-toolbox\/blob\/master\/README.md__;!!K-Hz7m0Vt54!jHKB89dKGc8IWHSyFWB1g0Dgl4qSIFV-_J4Q_U88kpRaNnaT5xItwXfvgLzLuIG99ciEGeAFrveMb5U$\" target=\"_blank\" rel=\"noreferrer noopener\"><strong>NIRSToolbox<\/strong><\/a>: this is the software where you&#8217;re doing more traditional Matlab programming, though it has tons of prewritten functions.<\/li>\n<li>There are&nbsp;<a href=\"https:\/\/urldefense.com\/v3\/__https:\/fnirs.org\/resources\/data-analysis\/software\/__;!!K-Hz7m0Vt54!jHKB89dKGc8IWHSyFWB1g0Dgl4qSIFV-_J4Q_U88kpRaNnaT5xItwXfvgLzLuIG99ciEGeAF432tgX8$\" target=\"_blank\" rel=\"noreferrer noopener\">other analysis softwares out ther<\/a>e, but Homer3 and NIRSToolbox seem to be the most popular and were created by two leaders\/pioneers of the field.<\/li>\n<\/ul>\n<p><strong><u>Helpful websites in general:<\/u><\/strong><\/p>\n<ul class=\"wp-block-list\">\n<li><strong>Society for functional near-infrared spectroscopy (<a href=\"https:\/\/urldefense.com\/v3\/__http:\/fnirs.org\/__;!!K-Hz7m0Vt54!jHKB89dKGc8IWHSyFWB1g0Dgl4qSIFV-_J4Q_U88kpRaNnaT5xItwXfvgLzLuIG99ciEGeAFeUvRNN8$\" target=\"_blank\" rel=\"noreferrer noopener\">fnirs.org<\/a>)<\/strong>: includes some educational tutorials and webinars on their website, hosts a conference every two years, newsletter, etc.<\/li>\n<li><strong>Open fNIRS (<a href=\"https:\/\/urldefense.com\/v3\/__http:\/openfnirs.org\/__;!!K-Hz7m0Vt54!jHKB89dKGc8IWHSyFWB1g0Dgl4qSIFV-_J4Q_U88kpRaNnaT5xItwXfvgLzLuIG99ciEGeAFM7wmraw$\" target=\"_blank\" rel=\"noreferrer noopener\">openfnirs.org<\/a>)<\/strong>: primary an open data repository specific to fNIRS but also includes some training resources. I signed up for a trial of Homer Premium to access some extra webinars and trainings which I found to be really helpful in the relatively short time I used them.<\/li>\n<li><a href=\"https:\/\/urldefense.com\/v3\/__http:\/nirx.net__;!!K-Hz7m0Vt54!jHKB89dKGc8IWHSyFWB1g0Dgl4qSIFV-_J4Q_U88kpRaNnaT5xItwXfvgLzLuIG99ciEGeAFE8QqfuQ$\"><strong>NIRx<\/strong><\/a>: Everyone using the system at UW can have their own account to access support from NIRx. Please contact chnadmin@uw.edu if you would like this.<\/li>\n<\/ul>\n<p><strong><u>UW Trainings with NIRx<\/u><\/strong><\/p>\n<p><a href=\"https:\/\/urldefense.com\/v3\/__https:\/drive.google.com\/file\/d\/1PYpnHHC9tO9_SKTep5plRAZNE0f4l-kD\/view?usp=drive_web__;!!K-Hz7m0Vt54!jHKB89dKGc8IWHSyFWB1g0Dgl4qSIFV-_J4Q_U88kpRaNnaT5xItwXfvgLzLuIG99ciEGeAFIML9CJY$\" target=\"_blank\" rel=\"noreferrer noopener\">&nbsp;NIRx acquisition training &#8211; Day1.mp4<\/a><img decoding=\"async\" src=\"\"><\/p>\n<ul class=\"wp-block-list\">\n<li>Day 1 was more theory of fNIRS, basic experimental design, and orientation to what we ordered<\/li>\n<\/ul>\n<p><a href=\"https:\/\/urldefense.com\/v3\/__https:\/drive.google.com\/file\/d\/1O2akaVf9RqIGH0cnVRt5BU1cMH6N4wZB\/view?usp=drive_web__;!!K-Hz7m0Vt54!jHKB89dKGc8IWHSyFWB1g0Dgl4qSIFV-_J4Q_U88kpRaNnaT5xItwXfvgLzLuIG99ciEGeAF425DT6o$\" target=\"_blank\" rel=\"noreferrer noopener\">&nbsp;NIRx Acquisition Training &#8211; Day2.mp4<\/a><img decoding=\"async\" src=\"\"><\/p>\n<ul class=\"wp-block-list\">\n<li>Day 2 was the finger tapping motor task as an initial example of how to record fNIRS data<\/li>\n<li>Required files for running the experiment&nbsp;are attached (Fingertapping_LSL.psyexp, Psychopy_TrialTypes.xlsx, and all .wav and .bmp files)&nbsp;<\/li>\n<\/ul>\n<p><a href=\"https:\/\/urldefense.com\/v3\/__https:\/drive.google.com\/file\/d\/1gDvQ11B3HczVpbc5MdbgBjh7lExNCFOb\/view?usp=drive_web__;!!K-Hz7m0Vt54!jHKB89dKGc8IWHSyFWB1g0Dgl4qSIFV-_J4Q_U88kpRaNnaT5xItwXfvgLzLuIG99ciEGeAFekgiBUE$\" target=\"_blank\" rel=\"noreferrer noopener\">&nbsp;NIRx acquisition training slides.pdf<\/a><img decoding=\"async\" src=\"\"><\/p>\n","protected":false},"excerpt":{"rendered":"<p>NIRx NIRSport 2 fNIRS system Thanks to a Student Technology Fee grant to Carly Gray (supervised by Professor Peter Kahn), a NIRx NIRSport 2 wearable fNIRS system, located in a quiet room in CHN (Kincaid Hall), is available to interested researchers across UW. Priority is given to undergraduate and graduate student researchers interested in using&#8230;<\/p>\n<div><a class=\"more\" href=\"https:\/\/depts.washington.edu\/chnadmin\/fnirs-system\/\">Read more<\/a><\/div>\n","protected":false},"author":1,"featured_media":0,"parent":0,"menu_order":0,"comment_status":"closed","ping_status":"closed","template":"","meta":{"footnotes":""},"class_list":["post-589","page","type-page","status-publish","hentry"],"_links":{"self":[{"href":"https:\/\/depts.washington.edu\/chnadmin\/wp-json\/wp\/v2\/pages\/589","targetHints":{"allow":["GET"]}}],"collection":[{"href":"https:\/\/depts.washington.edu\/chnadmin\/wp-json\/wp\/v2\/pages"}],"about":[{"href":"https:\/\/depts.washington.edu\/chnadmin\/wp-json\/wp\/v2\/types\/page"}],"author":[{"embeddable":true,"href":"https:\/\/depts.washington.edu\/chnadmin\/wp-json\/wp\/v2\/users\/1"}],"replies":[{"embeddable":true,"href":"https:\/\/depts.washington.edu\/chnadmin\/wp-json\/wp\/v2\/comments?post=589"}],"version-history":[{"count":5,"href":"https:\/\/depts.washington.edu\/chnadmin\/wp-json\/wp\/v2\/pages\/589\/revisions"}],"predecessor-version":[{"id":895,"href":"https:\/\/depts.washington.edu\/chnadmin\/wp-json\/wp\/v2\/pages\/589\/revisions\/895"}],"wp:attachment":[{"href":"https:\/\/depts.washington.edu\/chnadmin\/wp-json\/wp\/v2\/media?parent=589"}],"curies":[{"name":"wp","href":"https:\/\/api.w.org\/{rel}","templated":true}]}}