{"id":4268,"date":"2019-11-18T14:06:29","date_gmt":"2019-11-18T22:06:29","guid":{"rendered":"http:\/\/depts.washington.edu\/ecc\/?page_id=4268"},"modified":"2025-11-20T14:17:35","modified_gmt":"2025-11-20T22:17:35","slug":"mpfs","status":"publish","type":"page","link":"https:\/\/depts.washington.edu\/ecc\/mpfs\/","title":{"rendered":"Mentor Power for Success"},"content":{"rendered":"<p><a href=\"http:\/\/depts.washington.edu\/ecc\/wordpress\/wp-content\/uploads\/2022\/05\/MicrosoftTeams-image-1.png\"><img loading=\"lazy\" decoding=\"async\" class=\"alignnone wp-image-6114 size-full-content\" src=\"http:\/\/depts.washington.edu\/ecc\/wordpress\/wp-content\/uploads\/2022\/05\/MicrosoftTeams-image-1-750x422.png\" alt=\"\" width=\"750\" height=\"422\" srcset=\"https:\/\/depts.washington.edu\/ecc\/wordpress\/wp-content\/uploads\/2022\/05\/MicrosoftTeams-image-1-750x422.png 750w, https:\/\/depts.washington.edu\/ecc\/wordpress\/wp-content\/uploads\/2022\/05\/MicrosoftTeams-image-1-300x169.png 300w, https:\/\/depts.washington.edu\/ecc\/wordpress\/wp-content\/uploads\/2022\/05\/MicrosoftTeams-image-1-1024x576.png 1024w, https:\/\/depts.washington.edu\/ecc\/wordpress\/wp-content\/uploads\/2022\/05\/MicrosoftTeams-image-1-768x432.png 768w, https:\/\/depts.washington.edu\/ecc\/wordpress\/wp-content\/uploads\/2022\/05\/MicrosoftTeams-image-1-1536x864.png 1536w, https:\/\/depts.washington.edu\/ecc\/wordpress\/wp-content\/uploads\/2022\/05\/MicrosoftTeams-image-1-375x211.png 375w, https:\/\/depts.washington.edu\/ecc\/wordpress\/wp-content\/uploads\/2022\/05\/MicrosoftTeams-image-1-1140x641.png 1140w, https:\/\/depts.washington.edu\/ecc\/wordpress\/wp-content\/uploads\/2022\/05\/MicrosoftTeams-image-1.png 1920w\" sizes=\"100vw\" \/><\/a><\/p>\n<h2>ABOUT<\/h2>\n<p>The Mentor Power for Success Program is a dynamic autumn quarter partnership between first-year Office of Minority Affairs &amp; Diversity (OMA&amp;D) students (prot\u00e9g\u00e9s) and continuing UW students (mentors), to help prot\u00e9g\u00e9s make a successful transition to university life. Mentor students use their knowledge of UW resources and services to guide prot\u00e9g\u00e9s as they navigate the breadth of what the university has to offer. We match mentor and prot\u00e9g\u00e9 pairs based on academic major, interests and hobbies, co-curricular involvements, and similar identities\/experiences.<br \/>\nThe 2025 cycle is closed; please check back for applications for our 2026 Fall Program! Follow our ECC Instagram (@uw_ecc) for up-to-date content.<\/p>\n<h2><b>MPFS PROGRAM<\/b><\/h2>\n<p><span style=\"font-weight: 400;\">Follow us on Instagram at<\/span> <a href=\"https:\/\/www.instagram.com\/uw_mpfs\/\"><i><span style=\"font-weight: 400;\">Mentor Power For Success (@uw_mpfs) \u2022 Instagram photos and videos<\/span><\/i><\/a><span style=\"font-weight: 400;\"> for updates and program information!<\/span><\/p>\n<h2>TESTIMONIALS<\/h2>\n<p><em>\u201c[My mentor] has gone above and beyond to help me feel like I can be the best student I can be, and has made me more confident as a person.\u201d &#8211; <\/em>Protege<\/p>\n<p><em>\u201c[My mentor] encouraged me to try different activities and told me about various resources I could use at UW, which made me feel very supported. She has many things to do outside of being a mentor, but she always dedicates her time to having meetings with me.\u201d &#8211; <\/em>Protege<\/p>\n<p><span style=\"font-weight: 400;\">\u201c<em>When I came to UW I had not heard of this program and felt very limited in my understanding of OMAD resources. I love that MPFS reaches out to students who, like me, may have been overwhelmed by a large campus and no clear way to navigate all of the programs. I think this program\u2026 is an outstanding resource for proteges, and a great experience for mentors.<\/em>\u201d &#8211; Mentor<\/span><\/p>\n<p><span style=\"font-weight: 400;\">\u201c<em>[My mentor] made me safe in confiding in them and provided great (and culturally informed) advice that left room for me to figure out what I really wanted.<\/em>\u201d &#8211; Protege<\/span><\/p>\n<p><span style=\"font-weight: 400;\">\u201c<em>[My mentor] has given me so much advice, tips, and help, and I know I can reach out to her and get answers. Navigating through my first year is so stressful\u2026 and I don&#8217;t feel like a burden asking simple questions that I&#8217;m confused on in the college transition. I absolutely adore her.<\/em>\u201d &#8211; Protege<\/span><\/p>\n<p><span style=\"font-weight: 400;\">\u201c<em>I was able to feel as though I truly belonged on this campus. I found myself trying to go to more events and seeking new friends and study groups.<\/em>\u201d -Protege<\/span><\/p>\n<h2>HISTORY<\/h2>\n<p><span style=\"font-weight: 400;\">In 1989, the <\/span><a href=\"http:\/\/depts.washington.edu\/omad\/\"><span style=\"font-weight: 400;\">Office of Minority Affairs &amp; Diversity<\/span><\/a><span style=\"font-weight: 400;\"> (OMA&amp;D) and the University of Washington <\/span><a href=\"http:\/\/www.washington.edu\/alumni\/\"><span style=\"font-weight: 400;\">Alumni Association<\/span><\/a><span style=\"font-weight: 400;\"> (UWAA) established the Mentor Program. The Mentor Program was designed to help incoming <\/span><a href=\"http:\/\/depts.washington.edu\/omadcs\/eop\/\"><span style=\"font-weight: 400;\">Educational Opportunity Program<\/span><\/a><span style=\"font-weight: 400;\"> (EOP) students make successful transitions to university life and provide career connections for our continuing EOP students (student mentors).\u00a0<\/span><\/p>\n<p><span style=\"font-weight: 400;\">In 2014, this program became housed under the Kelly Ethnic Cultural Center and became known as Mentor Power for Success. Over time, this program has shifted focus from a year-long program to a fall quarter program. This is based on research that indicates that a student\u2019s first six weeks are critical in shaping their time in college. The student mentors introduce the new students (prot\u00e9g\u00e9s) to campus resources and provide personal and academic support during their transition to the University of Washington.<\/span><\/p>\n<h2>MISSION<\/h2>\n<p>The mission of the Mentor Power for Success Program is to provide incoming OMA&amp;D\u00a0<a title=\"OMA&amp;D EOP Website\" href=\"http:\/\/depts.washington.edu\/omadcs\/eop\/\" target=\"_blank\" rel=\"noopener noreferrer\">EOP<\/a>\u00a0students a successful transition to the University of Washington. Students will explore campus wide resources and opportunities through active participation in mentoring, networking, group activities and cultural events.<\/p>\n<p>&nbsp;<\/p>\n<div id=\"su_slider_69fcf1ba82d44\" class=\"su-slider su-slider-centered su-slider-pages-no su-slider-responsive-yes\" style=\"width:100%\" data-autoplay=\"0\" data-speed=\"0\" data-mousewheel=\"true\">\n<div class=\"su-slider-slides\">\n<div class=\"su-slider-slide\"><a><img decoding=\"async\" src=\"https:\/\/depts.washington.edu\/ecc\/wordpress\/wp-content\/uploads\/2019\/11\/MG_2386-e1573856086523.jpg\" alt=\"_MG_2386\" \/><\/a><\/div>\n<div class=\"su-slider-slide\"><a><img decoding=\"async\" src=\"https:\/\/depts.washington.edu\/ecc\/wordpress\/wp-content\/uploads\/2019\/11\/MG_2406.jpg\" alt=\"_MG_2406\" \/><\/a><\/div>\n<div class=\"su-slider-slide\"><a><img decoding=\"async\" src=\"https:\/\/depts.washington.edu\/ecc\/wordpress\/wp-content\/uploads\/2019\/11\/MG_2443.jpg\" alt=\"_MG_2443\" \/><\/a><\/div>\n<div class=\"su-slider-slide\"><a><img decoding=\"async\" src=\"https:\/\/depts.washington.edu\/ecc\/wordpress\/wp-content\/uploads\/2019\/11\/MG_2116.jpg\" alt=\"_MG_2116\" \/><\/a><\/div>\n<\/div>\n<div class=\"su-slider-nav\">\n<div class=\"su-slider-direction\"><span class=\"su-slider-prev\"><\/span><span class=\"su-slider-next\"><\/span><\/div>\n<div class=\"su-slider-pagination\"><\/div>\n<\/div>\n<\/div>\n","protected":false},"excerpt":{"rendered":"<p>ABOUT The Mentor Power for Success Program is a dynamic autumn quarter partnership between first-year Office of Minority Affairs &amp; Diversity (OMA&amp;D) students (prot\u00e9g\u00e9s) and continuing UW students (mentors), to help prot\u00e9g\u00e9s make a successful transition to university life. Mentor students use their knowledge of UW resources and services to guide prot\u00e9g\u00e9s as they navigate the breadth of what the university has to offer. We match mentor and prot\u00e9g\u00e9 pairs based on academic major, interests and hobbies, co-curricular involvements, and&#8230;<\/p>\n","protected":false},"author":1,"featured_media":4274,"parent":0,"menu_order":0,"comment_status":"closed","ping_status":"closed","template":"templates\/template-big-hero.php","meta":{"footnotes":""},"class_list":["post-4268","page","type-page","status-publish","has-post-thumbnail","hentry"],"_links":{"self":[{"href":"https:\/\/depts.washington.edu\/ecc\/wp-json\/wp\/v2\/pages\/4268"}],"collection":[{"href":"https:\/\/depts.washington.edu\/ecc\/wp-json\/wp\/v2\/pages"}],"about":[{"href":"https:\/\/depts.washington.edu\/ecc\/wp-json\/wp\/v2\/types\/page"}],"author":[{"embeddable":true,"href":"https:\/\/depts.washington.edu\/ecc\/wp-json\/wp\/v2\/users\/1"}],"replies":[{"embeddable":true,"href":"https:\/\/depts.washington.edu\/ecc\/wp-json\/wp\/v2\/comments?post=4268"}],"version-history":[{"count":22,"href":"https:\/\/depts.washington.edu\/ecc\/wp-json\/wp\/v2\/pages\/4268\/revisions"}],"predecessor-version":[{"id":7511,"href":"https:\/\/depts.washington.edu\/ecc\/wp-json\/wp\/v2\/pages\/4268\/revisions\/7511"}],"wp:featuredmedia":[{"embeddable":true,"href":"https:\/\/depts.washington.edu\/ecc\/wp-json\/wp\/v2\/media\/4274"}],"wp:attachment":[{"href":"https:\/\/depts.washington.edu\/ecc\/wp-json\/wp\/v2\/media?parent=4268"}],"curies":[{"name":"wp","href":"https:\/\/api.w.org\/{rel}","templated":true}]}}