{"id":2135,"date":"2026-02-04T11:54:00","date_gmt":"2026-02-04T19:54:00","guid":{"rendered":"https:\/\/depts.washington.edu\/healthms\/?page_id=2135"},"modified":"2026-02-06T10:30:42","modified_gmt":"2026-02-06T18:30:42","slug":"enis-baris","status":"publish","type":"page","link":"https:\/\/depts.washington.edu\/healthms\/faculty-staff\/enis-baris\/","title":{"rendered":"Enis Bar\u0131\u015f"},"content":{"rendered":"<div class=\"wp-block-group is-layout-constrained wp-block-group-is-layout-constrained\">\n<div class=\"wp-block-group is-nowrap is-layout-flex wp-container-core-group-is-layout-f66f9956 wp-block-group-is-layout-flex\">\n<figure class=\"wp-block-image size-full is-resized\"><img loading=\"lazy\" decoding=\"async\" width=\"402\" height=\"402\" src=\"https:\/\/depts.washington.edu\/healthms\/wordpress\/wp-content\/uploads\/050917-HNP-PR-250_F-copy.png\" alt=\"Photo of Enis Bar\u0131\u015f\" class=\"wp-image-1823\" style=\"aspect-ratio:1;object-fit:cover;width:240px\" srcset=\"https:\/\/depts.washington.edu\/healthms\/wordpress\/wp-content\/uploads\/050917-HNP-PR-250_F-copy.png 402w, https:\/\/depts.washington.edu\/healthms\/wordpress\/wp-content\/uploads\/050917-HNP-PR-250_F-copy-300x300.png 300w, https:\/\/depts.washington.edu\/healthms\/wordpress\/wp-content\/uploads\/050917-HNP-PR-250_F-copy-150x150.png 150w, https:\/\/depts.washington.edu\/healthms\/wordpress\/wp-content\/uploads\/050917-HNP-PR-250_F-copy-375x375.png 375w, https:\/\/depts.washington.edu\/healthms\/wordpress\/wp-content\/uploads\/050917-HNP-PR-250_F-copy-50x50.png 50w\" sizes=\"auto, (max-width: 402px) 100vw, 402px\" \/><\/figure>\n<div class=\"wp-block-group is-vertical is-layout-flex wp-container-core-group-is-layout-fe9cc265 wp-block-group-is-layout-flex\">\n<h2 class=\"wp-block-heading\">Enis Bar\u0131\u015f<\/h2>\n<p><em>Professor; Director of Global Health Policy Partnerships<\/em><\/p>\n<\/div>\n<\/div>\n<div style=\"height:40px\" aria-hidden=\"true\" class=\"wp-block-spacer\"><\/div>\n<\/div>\n<p>Enis Bar\u0131\u015f, MD, MSc, PhD, is a Professor of Health Metrics Sciences and Director of Global Health Policy Partnerships at the Institute for Health Metrics and Evaluation (IHME) at the University of Washington and Adjunct Professor at the McGill University, Montreal, Quebec, Canada. He is a global health policy and systems scholar and expert with a background in Medicine, post graduate degrees in Public Health, and epidemiology in health services management.<\/p>\n<p>Prior to joining the IHME, Dr Bar\u0131\u015f held a number of senior and lead technical, advisory and managerial positions, namely (i) Senior Advisor at the Global Fund in Geneva where he spent two years with the Health Finance Department; (ii) The World Bank where he worked and retired from, after more than two decades of employment both as a technical expert and later as Manager of three different WB regions; (iii) as Director of Country Health Systems at the Regional Office for Europe (EURO) of the World Health Organization (WHO) for two years; and (iv) as Chief Scientist and Senior Scientific Advisor at the International Development Research Centre (IDRC), Ottawa, Canada for six years.<\/p>\n<p>Dr. Bar\u0131\u015f has a proven track record of intellectual leadership in global health policy and systems and high-level policy dialogue. He has worked in more than sixty countries in Europe, Latin America, Asia (including China), sub-Saharan Africa, the Middle East and North Africa, as well as in international fora, and has a solid understanding of healthcare systems and the role of macroeconomics, economic growth and their distributional impact on health outcomes.<\/p>\n<p>He is the author and co-author of many peer-reviewed publications and gray literature as well as several books and book chapters. Before his retirement from the World Bank in October 2020, and thereafter as Senior Advisor, he led the preparation of the World Bank\u2019s new Health, Nutrition and Population Strategy, and served as the lead author and editor of the World Bank\u2019s flagship publication \u201cReimagining Primary Health Care.; Walking the Talk\u201d published in June 2021.<\/p>\n","protected":false},"excerpt":{"rendered":"<p>Enis Bar\u0131\u015f Professor; Director of Global Health Policy Partnerships Enis Bar\u0131\u015f, MD, MSc, PhD, is a Professor of Health Metrics Sciences and Director of Global Health Policy Partnerships at the Institute for Health Metrics and Evaluation (IHME) at the University of Washington and Adjunct Professor at the McGill University, Montreal, Quebec, Canada. He is a global health policy and systems scholar and expert with a background in Medicine, post graduate degrees in Public Health, and epidemiology in health services management&#8230;.<\/p>\n","protected":false},"author":16,"featured_media":0,"parent":1999,"menu_order":0,"comment_status":"closed","ping_status":"closed","template":"templates\/template-no-title.php","meta":{"_monsterinsights_skip_tracking":false,"_monsterinsights_sitenote_active":false,"_monsterinsights_sitenote_note":"","_monsterinsights_sitenote_category":0,"footnotes":""},"class_list":["post-2135","page","type-page","status-publish","hentry"],"_links":{"self":[{"href":"https:\/\/depts.washington.edu\/healthms\/wp-json\/wp\/v2\/pages\/2135","targetHints":{"allow":["GET"]}}],"collection":[{"href":"https:\/\/depts.washington.edu\/healthms\/wp-json\/wp\/v2\/pages"}],"about":[{"href":"https:\/\/depts.washington.edu\/healthms\/wp-json\/wp\/v2\/types\/page"}],"author":[{"embeddable":true,"href":"https:\/\/depts.washington.edu\/healthms\/wp-json\/wp\/v2\/users\/16"}],"replies":[{"embeddable":true,"href":"https:\/\/depts.washington.edu\/healthms\/wp-json\/wp\/v2\/comments?post=2135"}],"version-history":[{"count":3,"href":"https:\/\/depts.washington.edu\/healthms\/wp-json\/wp\/v2\/pages\/2135\/revisions"}],"predecessor-version":[{"id":2395,"href":"https:\/\/depts.washington.edu\/healthms\/wp-json\/wp\/v2\/pages\/2135\/revisions\/2395"}],"up":[{"embeddable":true,"href":"https:\/\/depts.washington.edu\/healthms\/wp-json\/wp\/v2\/pages\/1999"}],"wp:attachment":[{"href":"https:\/\/depts.washington.edu\/healthms\/wp-json\/wp\/v2\/media?parent=2135"}],"curies":[{"name":"wp","href":"https:\/\/api.w.org\/{rel}","templated":true}]}}