{"id":10064,"date":"2024-02-23T21:46:55","date_gmt":"2024-02-23T21:46:55","guid":{"rendered":"https:\/\/depts.washington.edu\/hprc\/?page_id=10064"},"modified":"2026-04-03T01:11:55","modified_gmt":"2026-04-03T01:11:55","slug":"dmar-espanol","status":"publish","type":"page","link":"https:\/\/depts.washington.edu\/hprc\/projects\/dmar-espanol\/","title":{"rendered":"Investigaci\u00f3n Sobre la Toma de Decisiones en la Enfermedad de Alzheimer (DMAR)"},"content":{"rendered":"<div class=\"box-outer\">\n<div class=\"box one box-centered\">\n<div class=\"tile\">\n<h1>Need English?<\/h1>\n<p><a class=\"uw-btn btn-go btn-sm btn-gold\" href=\"https:\/\/depts.washington.edu\/hprc\/projects\/dmar\/\">Read in English<\/a><\/p>\n<\/div>\n<\/div>\n<\/div>\n<h3 class=\"wp-block-heading has-text-color\" style=\"color:#4b2e83\"><strong>Fechas del Proyecto: 1 de Junio de 2020 \u2013 31 de Marzo de 202<\/strong>6<\/h3>\n<p>Las personas mayores con demencia y sus familias a menudo tienen que tomar decisiones sobre mayores cuidados de apoyo. Sin embargo, las voces y preferencias de las personas mayores con demencia frecuentemente no se inculyen en estas decisiones. Los objetivos del equipo de investigaci\u00f3n sobre la toma de decisiones en la enfermedad de Alzheimer (DMAR, por sus siglas en ingl\u00e9s) y sus socios son involucrar a las personas mayores con demencia en la toma de decisiones, comprender mejor sus procesos de toma de decisiones y crear una herramienta innovadora para identificar las preferencias relacionadas con las transiciones o cambios en los cuidados de apoyo.<\/p>\n<h1 class=\"wp-block-heading has-text-color\" style=\"color:#125978\">\u00bfC\u00f3mo alcanzaremos nuestros objetivos?<\/h1>\n<div class=\"wp-block-image\">\n<figure class=\"alignright size-full is-resized\"><img decoding=\"async\" loading=\"lazy\" src=\"https:\/\/depts.washington.edu\/hprc\/wp-content\/uploads\/2024\/02\/f906ff76-6375-4e91-b2dc-9b51dacf8ae2.jpg\" alt=\"\" class=\"wp-image-10075\" width=\"372\" height=\"123\" srcset=\"https:\/\/depts.washington.edu\/hprc\/wp-content\/uploads\/2024\/02\/f906ff76-6375-4e91-b2dc-9b51dacf8ae2.jpg 800w, https:\/\/depts.washington.edu\/hprc\/wp-content\/uploads\/2024\/02\/f906ff76-6375-4e91-b2dc-9b51dacf8ae2-300x99.jpg 300w, https:\/\/depts.washington.edu\/hprc\/wp-content\/uploads\/2024\/02\/f906ff76-6375-4e91-b2dc-9b51dacf8ae2-768x254.jpg 768w, https:\/\/depts.washington.edu\/hprc\/wp-content\/uploads\/2024\/02\/f906ff76-6375-4e91-b2dc-9b51dacf8ae2-375x124.jpg 375w, https:\/\/depts.washington.edu\/hprc\/wp-content\/uploads\/2024\/02\/f906ff76-6375-4e91-b2dc-9b51dacf8ae2-750x248.jpg 750w\" sizes=\"(max-width: 372px) 100vw, 372px\" \/><\/figure>\n<\/div>\n<p>Vamos a alcanzar nuestros objetivos a trav\u00e9s de las siguientes actividades:<\/p>\n<ul>\n<li>Hemos entrevistado a un grupo variado de personas mayores con diferentes grados de demencia, sus cuidadores y proveedores de atenci\u00f3n m\u00e9dica de pacientes con demencia para tener una mejor comprensi\u00f3n sobre la toma de decisiones relacionadas con las transiciones en el cuidado.<\/li>\n<\/ul>\n<ul>\n<li>Hemos desarrollado y puesto a prueba una herramienta (basada en nuestras entrevistas) para evaluar las preferencias de las personas mayores con demencia.<\/li>\n<\/ul>\n<ul>\n<li>Hacemos seguimiento&nbsp; de las preferencias de las personas mayores con demencia y quienes les cuidan durante un per\u00edodo de dos a\u00f1os para:\n<ul>\n<li>Identificar diferencias en las preferencias entre las personas mayores con demencia y sus cuidadores.<\/li>\n<li>Evaluar cambios en las preferencias a lo largo del tiempo.<\/li>\n<\/ul>\n<\/li>\n<\/ul>\n<div class=\"box-outer\">\n<div class=\"box three box-centered box-tan\">\n<div class=\"tile\">\n<h3 class=\"has-text-color\" style=\"color:#125978\"><a href=\"#participar\">Estudio Longitudinal<\/a><\/h3>\n<\/p>\n<h5><a href=\"#participar\">Aprende m\u00e1s.<\/a><\/h5>\n<\/div>\n<div class=\"tile\">\n<h3 class=\"has-text-color\" style=\"color:#125978\"><a href=\"#resources\">Recursos<\/a><\/h3>\n<\/p>\n<h5><a href=\"#haran\">Aprende m\u00e1s.<\/a><\/h5>\n<\/div>\n<div class=\"tile\">\n<h3 class=\"has-text-color\" style=\"color:#125978\"><a href=\"#contact\">Cont\u00e1ctenos<\/a><\/h3>\n<\/p>\n<h5><a href=\"#contact\">\u00a1Esperamos conectarnos con usted!<\/a><\/h5>\n<\/div>\n<\/div>\n<\/div>\n<h1 class=\"wp-block-heading has-text-color\" id=\"participar\" style=\"color:#125978\">Estudio Longitudinal<\/h1>\n<p>Ya hemos cerrado la inscripci\u00f3n para nuevos participantes.<\/p>\n<ul>\n<li>El estudio ha inscrito a m\u00e1s de 120 parejas de personas mayores (55 a\u00f1os en adelante) con p\u00e9rdida de memoria y una persona cuidadora informal (familiar o persona cercana) para poner a prueba una herramienta de elecci\u00f3n dise\u00f1ada para comprender mejor las preferencias relacionadas con las transiciones en el cuidado.<\/li>\n<li>Los participants completan 6 tareas de elecci\u00f3n que se administran principalmente por Zoom tres veces a lo largo de 12 meses.<\/li>\n<\/ul>\n<p><span style=\"text-decoration: underline;\">Si participa actualmente en el estudio DMAR,<\/span> puede ponerse en contacto con el equipo del estudio por correo electr\u00f3nico, <strong><a href=\"mailto:dmar-study@uw.edu\" target=\"_blank\" rel=\"noreferrer noopener\">dmar-study@uw.edu<\/a><\/strong>. <strong>\u00a1Gracias!<\/strong><\/p>\n<div class=\"wp-block-buttons is-content-justification-center is-layout-flex wp-container-1\">\n<div class=\"wp-block-button\"><a class=\"wp-block-button__link has-background has-text-align-center wp-element-button\" href=\"mailto:dmar-study@uw.edu\" style=\"background-color:#125978\">Cont\u00e1ctenos<\/a><\/div>\n<\/div>\n<h1 class=\"wp-block-heading has-text-color\" id=\"resources\" style=\"color:#125978\">Recursos<\/h1>\n<p>A continuaci\u00f3n encontrar\u00e1 algunos recursos sobre la enfermedad de Alzheimer y la p\u00e9rdida de memoria de organizaciones como la Alzheimer\u2019s Association [Asociaci\u00f3n de Alzheimer] y el MemoryHub.<\/p>\n<p><strong>Gu\u00edas sobre la enfermedad de Alzheimer y otras demencias de la Alzheimer&#8217;s Association:<\/strong><\/p>\n<ul>\n<li><a href=\"https:\/\/www.alz.org\/getmedia\/42ba50c4-cdf0-4fda-bd2e-a52fe4d2efca\/alzheimers-dementia-understanding-alzheimers-dementia-ts-spanish.pdf\">Entender el Alzheimer y la demencia (PDF)<\/a><\/li>\n<li><a href=\"https:\/\/www.alz.org\/getmedia\/2a121ff9-c967-4dc3-8f20-21189be90773\/alzheimers-dementia-communicating-with-your-health-care-team-spanish-ts.pdf\">Comunicaci\u00f3n con su equipo de atenci\u00f3n m\u00e9dica (PDF)<\/a><\/li>\n<li><a href=\"https:\/\/www.alz.org\/getmedia\/1b3acb8e-2a34-4ad4-a359-39930ffb9d25\/alzheimers-dementia-caregiver-stress-spanish-ts.pdf\">Cu\u00eddese c\u00f3mo reconocer y manejar la tensi\u00f3n o estr\u00e9s de parte de un cuidador (PDF)<\/a>:<\/li>\n<li>Si desea obtener m\u00e1s informaci\u00f3n como esta, visite (en Ingl\u00e9s):\n<ul>\n<li><a href=\"https:\/\/www.alz.org\/professionals\/health-systems-medical-professionals\/for-patients-caregivers\/downloadable-resources\">https:\/\/www.alz.org\/professionals\/health-systems-medical-professionals\/for-patients-caregivers\/downloadable-resources<\/a><\/li>\n<\/ul>\n<\/li>\n<\/ul>\n<p><strong>Otros recursos<\/strong><\/p>\n<ul>\n<li><a href=\"https:\/\/www.dshs.wa.gov\/sites\/default\/files\/ALTSA\/stakeholders\/documents\/AD\/Dementia%20Road%20Map%20-%20A%20Guide%20for%20Family%20and%20Care%20Partners_SP.pdf\" target=\"_blank\" rel=\"noreferrer noopener\">Mapa de la Demencia: Una Gu\u00eda Para Familiares y Cuidadores<\/a><\/li>\n<li><a href=\"https:\/\/depts.washington.edu\/mbwc\/resources\/recursos\">https:\/\/depts.washington.edu\/mbwc\/resources\/recursos<\/a><\/li>\n<li><a href=\"https:\/\/www.alz.org\/alzheimer-demencia\">https:\/\/www.alz.org\/alzheimer-demencia<\/a><\/li>\n<\/ul>\n<h1 class=\"wp-block-heading has-text-color\" id=\"contact\" style=\"color:#125978\">Cont\u00e1ctenos<\/h1>\n<p>\u00bfTiene preguntas? Comun\u00edquese con el equipo de investigaci\u00f3n DMAR al <strong><a href=\"mailto:dmar-study@uw.edu\" target=\"_blank\" rel=\"noreferrer noopener\">dmar-study@uw.edu<\/a><\/strong> o deje un mensaje de voz al <strong>206-543-3071<\/strong>.<\/p>\n<div style=\"height:25px\" aria-hidden=\"true\" class=\"wp-block-spacer\"><\/div>\n<p class=\"has-small-font-size\">Este estudio de investigaci\u00f3n de 5 a\u00f1os de duraci\u00f3n es posible gracias a una subvenci\u00f3n del Instituto Nacional sobre el Envejecimiento.<\/p>\n","protected":false},"excerpt":{"rendered":"<p>Fechas del Proyecto: 1 de Junio de 2020 \u2013 31 de Marzo de 2026 Las personas mayores con demencia y sus familias a menudo tienen que tomar decisiones sobre mayores cuidados de apoyo. Sin embargo, las voces y preferencias de las personas mayores con demencia frecuentemente no se inculyen en estas decisiones. Los objetivos del&#8230;<\/p>\n<div><a class=\"more\" href=\"https:\/\/depts.washington.edu\/hprc\/projects\/dmar-espanol\/\">Read more<\/a><\/div>\n","protected":false},"author":11,"featured_media":7843,"parent":102,"menu_order":0,"comment_status":"closed","ping_status":"closed","template":"templates\/template-small-hero.php","meta":[],"yoast_head":"<!-- This site is optimized with the Yoast SEO plugin v21.4 - https:\/\/yoast.com\/wordpress\/plugins\/seo\/ -->\n<title>Investigaci\u00f3n Sobre la Toma de Decisiones en la Enfermedad de Alzheimer (DMAR) - Health Promotion Research Center<\/title>\n<meta name=\"robots\" content=\"index, follow, max-snippet:-1, max-image-preview:large, max-video-preview:-1\" \/>\n<link rel=\"canonical\" href=\"https:\/\/depts.washington.edu\/hprc\/projects\/dmar-espanol\/\" \/>\n<meta property=\"og:locale\" content=\"en_US\" \/>\n<meta property=\"og:type\" content=\"article\" \/>\n<meta property=\"og:title\" content=\"Investigaci\u00f3n Sobre la Toma de Decisiones en la Enfermedad de Alzheimer (DMAR) - Health Promotion Research Center\" \/>\n<meta property=\"og:description\" content=\"Fechas del Proyecto: 1 de Junio de 2020 \u2013 31 de Marzo de 2026 Las personas mayores con demencia y sus familias a menudo tienen que tomar decisiones sobre mayores cuidados de apoyo. Sin embargo, las voces y preferencias de las personas mayores con demencia frecuentemente no se inculyen en estas decisiones. Los objetivos del...\" \/>\n<meta property=\"og:url\" content=\"https:\/\/depts.washington.edu\/hprc\/projects\/dmar-espanol\/\" \/>\n<meta property=\"og:site_name\" content=\"Health Promotion Research Center\" \/>\n<meta property=\"article:publisher\" content=\"https:\/\/www.facebook.com\/uofwhprc\" \/>\n<meta property=\"article:modified_time\" content=\"2026-04-03T01:11:55+00:00\" \/>\n<meta property=\"og:image\" content=\"https:\/\/depts.washington.edu\/hprc\/wp-content\/uploads\/2022\/03\/HPRC-small-hero-template_DMAR-landing-page-icon2_2000x350px.jpg\" \/>\n\t<meta property=\"og:image:width\" content=\"2000\" \/>\n\t<meta property=\"og:image:height\" content=\"350\" \/>\n\t<meta property=\"og:image:type\" content=\"image\/jpeg\" \/>\n<meta name=\"twitter:card\" content=\"summary_large_image\" \/>\n<meta name=\"twitter:label1\" content=\"Est. reading time\" \/>\n\t<meta name=\"twitter:data1\" content=\"3 minutes\" \/>\n<script type=\"application\/ld+json\" class=\"yoast-schema-graph\">{\"@context\":\"https:\/\/schema.org\",\"@graph\":[{\"@type\":\"WebPage\",\"@id\":\"https:\/\/depts.washington.edu\/hprc\/projects\/dmar-espanol\/\",\"url\":\"https:\/\/depts.washington.edu\/hprc\/projects\/dmar-espanol\/\",\"name\":\"Investigaci\u00f3n Sobre la Toma de Decisiones en la Enfermedad de Alzheimer (DMAR) - Health Promotion Research Center\",\"isPartOf\":{\"@id\":\"https:\/\/depts.washington.edu\/hprc\/#website\"},\"datePublished\":\"2024-02-23T21:46:55+00:00\",\"dateModified\":\"2026-04-03T01:11:55+00:00\",\"breadcrumb\":{\"@id\":\"https:\/\/depts.washington.edu\/hprc\/projects\/dmar-espanol\/#breadcrumb\"},\"inLanguage\":\"en-US\",\"potentialAction\":[{\"@type\":\"ReadAction\",\"target\":[\"https:\/\/depts.washington.edu\/hprc\/projects\/dmar-espanol\/\"]}]},{\"@type\":\"BreadcrumbList\",\"@id\":\"https:\/\/depts.washington.edu\/hprc\/projects\/dmar-espanol\/#breadcrumb\",\"itemListElement\":[{\"@type\":\"ListItem\",\"position\":1,\"name\":\"Home\",\"item\":\"https:\/\/depts.washington.edu\/hprc\/\"},{\"@type\":\"ListItem\",\"position\":2,\"name\":\"Projects\",\"item\":\"https:\/\/depts.washington.edu\/hprc\/projects\/\"},{\"@type\":\"ListItem\",\"position\":3,\"name\":\"Investigaci\u00f3n Sobre la Toma de Decisiones en la Enfermedad de Alzheimer (DMAR)\"}]},{\"@type\":\"WebSite\",\"@id\":\"https:\/\/depts.washington.edu\/hprc\/#website\",\"url\":\"https:\/\/depts.washington.edu\/hprc\/\",\"name\":\"Health Promotion Research Center\",\"description\":\"Conducting Community-Based Research that Promotes Healthy Aging\",\"publisher\":{\"@id\":\"https:\/\/depts.washington.edu\/hprc\/#organization\"},\"potentialAction\":[{\"@type\":\"SearchAction\",\"target\":{\"@type\":\"EntryPoint\",\"urlTemplate\":\"https:\/\/depts.washington.edu\/hprc\/?s={search_term_string}\"},\"query-input\":\"required name=search_term_string\"}],\"inLanguage\":\"en-US\"},{\"@type\":\"Organization\",\"@id\":\"https:\/\/depts.washington.edu\/hprc\/#organization\",\"name\":\"UW Health Promotion Research Center\",\"url\":\"https:\/\/depts.washington.edu\/hprc\/\",\"logo\":{\"@type\":\"ImageObject\",\"inLanguage\":\"en-US\",\"@id\":\"https:\/\/depts.washington.edu\/hprc\/#\/schema\/logo\/image\/\",\"url\":\"https:\/\/depts.washington.edu\/hprc\/wp-content\/uploads\/2022\/05\/UW-HPRC-logo2a-full-purple-web.png\",\"contentUrl\":\"https:\/\/depts.washington.edu\/hprc\/wp-content\/uploads\/2022\/05\/UW-HPRC-logo2a-full-purple-web.png\",\"width\":2288,\"height\":239,\"caption\":\"UW Health Promotion Research Center\"},\"image\":{\"@id\":\"https:\/\/depts.washington.edu\/hprc\/#\/schema\/logo\/image\/\"},\"sameAs\":[\"https:\/\/www.facebook.com\/uofwhprc\"]}]}<\/script>\n<!-- \/ Yoast SEO plugin. -->","yoast_head_json":{"title":"Investigaci\u00f3n Sobre la Toma de Decisiones en la Enfermedad de Alzheimer (DMAR) - Health Promotion Research Center","robots":{"index":"index","follow":"follow","max-snippet":"max-snippet:-1","max-image-preview":"max-image-preview:large","max-video-preview":"max-video-preview:-1"},"canonical":"https:\/\/depts.washington.edu\/hprc\/projects\/dmar-espanol\/","og_locale":"en_US","og_type":"article","og_title":"Investigaci\u00f3n Sobre la Toma de Decisiones en la Enfermedad de Alzheimer (DMAR) - Health Promotion Research Center","og_description":"Fechas del Proyecto: 1 de Junio de 2020 \u2013 31 de Marzo de 2026 Las personas mayores con demencia y sus familias a menudo tienen que tomar decisiones sobre mayores cuidados de apoyo. Sin embargo, las voces y preferencias de las personas mayores con demencia frecuentemente no se inculyen en estas decisiones. Los objetivos del...","og_url":"https:\/\/depts.washington.edu\/hprc\/projects\/dmar-espanol\/","og_site_name":"Health Promotion Research Center","article_publisher":"https:\/\/www.facebook.com\/uofwhprc","article_modified_time":"2026-04-03T01:11:55+00:00","og_image":[{"width":2000,"height":350,"url":"https:\/\/depts.washington.edu\/hprc\/wp-content\/uploads\/2022\/03\/HPRC-small-hero-template_DMAR-landing-page-icon2_2000x350px.jpg","type":"image\/jpeg"}],"twitter_card":"summary_large_image","twitter_misc":{"Est. reading time":"3 minutes"},"schema":{"@context":"https:\/\/schema.org","@graph":[{"@type":"WebPage","@id":"https:\/\/depts.washington.edu\/hprc\/projects\/dmar-espanol\/","url":"https:\/\/depts.washington.edu\/hprc\/projects\/dmar-espanol\/","name":"Investigaci\u00f3n Sobre la Toma de Decisiones en la Enfermedad de Alzheimer (DMAR) - Health Promotion Research Center","isPartOf":{"@id":"https:\/\/depts.washington.edu\/hprc\/#website"},"datePublished":"2024-02-23T21:46:55+00:00","dateModified":"2026-04-03T01:11:55+00:00","breadcrumb":{"@id":"https:\/\/depts.washington.edu\/hprc\/projects\/dmar-espanol\/#breadcrumb"},"inLanguage":"en-US","potentialAction":[{"@type":"ReadAction","target":["https:\/\/depts.washington.edu\/hprc\/projects\/dmar-espanol\/"]}]},{"@type":"BreadcrumbList","@id":"https:\/\/depts.washington.edu\/hprc\/projects\/dmar-espanol\/#breadcrumb","itemListElement":[{"@type":"ListItem","position":1,"name":"Home","item":"https:\/\/depts.washington.edu\/hprc\/"},{"@type":"ListItem","position":2,"name":"Projects","item":"https:\/\/depts.washington.edu\/hprc\/projects\/"},{"@type":"ListItem","position":3,"name":"Investigaci\u00f3n Sobre la Toma de Decisiones en la Enfermedad de Alzheimer (DMAR)"}]},{"@type":"WebSite","@id":"https:\/\/depts.washington.edu\/hprc\/#website","url":"https:\/\/depts.washington.edu\/hprc\/","name":"Health Promotion Research Center","description":"Conducting Community-Based Research that Promotes Healthy Aging","publisher":{"@id":"https:\/\/depts.washington.edu\/hprc\/#organization"},"potentialAction":[{"@type":"SearchAction","target":{"@type":"EntryPoint","urlTemplate":"https:\/\/depts.washington.edu\/hprc\/?s={search_term_string}"},"query-input":"required name=search_term_string"}],"inLanguage":"en-US"},{"@type":"Organization","@id":"https:\/\/depts.washington.edu\/hprc\/#organization","name":"UW Health Promotion Research Center","url":"https:\/\/depts.washington.edu\/hprc\/","logo":{"@type":"ImageObject","inLanguage":"en-US","@id":"https:\/\/depts.washington.edu\/hprc\/#\/schema\/logo\/image\/","url":"https:\/\/depts.washington.edu\/hprc\/wp-content\/uploads\/2022\/05\/UW-HPRC-logo2a-full-purple-web.png","contentUrl":"https:\/\/depts.washington.edu\/hprc\/wp-content\/uploads\/2022\/05\/UW-HPRC-logo2a-full-purple-web.png","width":2288,"height":239,"caption":"UW Health Promotion Research Center"},"image":{"@id":"https:\/\/depts.washington.edu\/hprc\/#\/schema\/logo\/image\/"},"sameAs":["https:\/\/www.facebook.com\/uofwhprc"]}]}},"_links":{"self":[{"href":"https:\/\/depts.washington.edu\/hprc\/wp-json\/wp\/v2\/pages\/10064"}],"collection":[{"href":"https:\/\/depts.washington.edu\/hprc\/wp-json\/wp\/v2\/pages"}],"about":[{"href":"https:\/\/depts.washington.edu\/hprc\/wp-json\/wp\/v2\/types\/page"}],"author":[{"embeddable":true,"href":"https:\/\/depts.washington.edu\/hprc\/wp-json\/wp\/v2\/users\/11"}],"replies":[{"embeddable":true,"href":"https:\/\/depts.washington.edu\/hprc\/wp-json\/wp\/v2\/comments?post=10064"}],"version-history":[{"count":23,"href":"https:\/\/depts.washington.edu\/hprc\/wp-json\/wp\/v2\/pages\/10064\/revisions"}],"predecessor-version":[{"id":12284,"href":"https:\/\/depts.washington.edu\/hprc\/wp-json\/wp\/v2\/pages\/10064\/revisions\/12284"}],"up":[{"embeddable":true,"href":"https:\/\/depts.washington.edu\/hprc\/wp-json\/wp\/v2\/pages\/102"}],"wp:featuredmedia":[{"embeddable":true,"href":"https:\/\/depts.washington.edu\/hprc\/wp-json\/wp\/v2\/media\/7843"}],"wp:attachment":[{"href":"https:\/\/depts.washington.edu\/hprc\/wp-json\/wp\/v2\/media?parent=10064"}],"curies":[{"name":"wp","href":"https:\/\/api.w.org\/{rel}","templated":true}]}}