{"id":8309,"date":"2022-04-20T23:34:31","date_gmt":"2022-04-20T23:34:31","guid":{"rendered":"https:\/\/depts.washington.edu\/hprc\/?page_id=8309"},"modified":"2026-04-03T01:14:51","modified_gmt":"2026-04-03T01:14:51","slug":"contactenos","status":"publish","type":"page","link":"https:\/\/depts.washington.edu\/hprc\/projects\/pavc-espanol\/contactenos\/","title":{"rendered":"Conozca al Equipo y Cont\u00e1ctenos"},"content":{"rendered":"<div class=\"box-outer\">\n<div class=\"box one box-centered\">\n<div class=\"tile\">\n<h1>Need English?<\/h1>\n<p><a class=\"uw-btn btn-go btn-sm btn-gold\" href=\"https:\/\/depts.washington.edu\/hprc\/projects\/pavc\/team\/\">English Here<\/a><\/p>\n<\/div>\n<\/div>\n<\/div>\n<p>El equipo de Colaboraci\u00f3n en la Confianza en la Vacuna de COVID-19 colabor\u00f3 con organizaciones locales, regionales y nacionales para aumentar las vacunaciones de COVID-19 y salvar vidas.<\/p>\n<h2 class=\"wp-block-heading\" id=\"contact\">Cont\u00e1ctenos<\/h2>\n<p>Si tiene preguntas sobre el proyecto, por favor mande un correo electr\u00f3nico a KeliAnne Hara-Hubbard.<\/p>\n<p><strong><strong>harak@uw.edu<\/strong><\/strong><\/p>\n<h2 class=\"wp-block-heading\"><strong>Conozca al Equipo<\/strong><\/h2>\n<h3 class=\"wp-block-heading has-text-color\" style=\"color:#85754d\">Investigadores<\/h3>\n<p><a href=\"https:\/\/sph.washington.edu\/faculty\/facbio\/Baquero_Barbara\" target=\"_blank\" rel=\"noreferrer noopener\"><strong>Barbara Baquero<\/strong><\/a><strong>&nbsp;(she\/her\/ella), PhD, MPH<\/strong><br \/>Investigadora Principal (L\u00edder del proyecto)<\/p>\n<p><strong><a href=\"https:\/\/sph.washington.edu\/faculty\/facbio\/Hannon_Peggy\">Peggy Hannon<\/a>&nbsp;(she\/her),&nbsp;PhD, MPH<\/strong>&nbsp;<br \/>Investigadora<\/p>\n<p><strong><a href=\"https:\/\/sph.washington.edu\/faculty\/facbio\/Harris_Jeffrey\">Jeff Harris<\/a>&nbsp;(he\/him),&nbsp;MD, MPH, MBA<\/strong>&nbsp;<br \/>Investigador<\/p>\n<p><strong><a href=\"https:\/\/sph.washington.edu\/faculty\/facbio\/Meischke_Hendrika\">Hendrika&nbsp;Meischke<\/a>&nbsp;(she\/her),&nbsp;PhD, MPH<\/strong>&nbsp;<br \/>Investigadora<\/p>\n<p><strong><a href=\"https:\/\/sph.washington.edu\/faculty\/facbio\/Turner_Anne\">Anne Turner<\/a> (she\/her),&nbsp;MD, MPH, MLIS<\/strong>&nbsp;<br \/>Investigadora<\/p>\n<h3 class=\"wp-block-heading has-text-color\" style=\"color:#85754d\">Staff<\/h3>\n<p><strong>Najma Abdi (ella), Licenciatura en Humanidades<\/strong><br \/>Asistente de Investigaci\u00f3n<\/p>\n<p><strong>Amya Alcaraz (ella), Estudiante de Licenciatura de Humanidades<\/strong><br \/>Asistente de Investigaci\u00f3n<\/p>\n<p><strong>Bruce Bello (el), Estudiante del Doctorado en Epidemiolog\u00eda<\/strong><br \/>Asistente de Investigaci\u00f3n<\/p>\n<p><strong>Miriam Flores (ella), Estudiante del Doctorado en Epidemiolog\u00eda<\/strong><br \/>Asistente de Investigaci\u00f3n<\/p>\n<p><strong>Juan Gudino (el), Estudiante de Doctorado<\/strong><br \/>Asistente de Investigaci\u00f3n<\/p>\n<p><strong>KeliAnne Hara-Hubbard (ella), MPH<\/strong><br \/>Coordinadora de Investigaci\u00f3n<\/p>\n<p><strong>Olivia Hicks (ella), Estudiante de Licenciatura en Humanidades<\/strong><br \/>Asistente de Investigaci\u00f3n<\/p>\n<p><strong>Sheharbano Jafry (ella), Estudiante de Licenciatura en Ciencia<\/strong><br \/>Estudiante Voluntaria<\/p>\n<p><strong>Mar\u00eda Navarro (ella), Estudiante de Licenciatura en Humanidades<\/strong><br \/>Asistente de Investigaci\u00f3n<\/p>\n<p><strong>Magali Sanchez (ella), Estudiante de Maestria en Salud Publica<\/strong><br \/>Asistente de Investigaci\u00f3n<\/p>\n<p><strong>Lia Villaruz (ella), Estudiante de Licenciatura en Ciencia<\/strong><br \/>Asistente de Investigaci\u00f3n<\/p>\n","protected":false},"excerpt":{"rendered":"<p>El equipo de Colaboraci\u00f3n en la Confianza en la Vacuna de COVID-19 colabor\u00f3 con organizaciones locales, regionales y nacionales para aumentar las vacunaciones de COVID-19 y salvar vidas. Cont\u00e1ctenos Si tiene preguntas sobre el proyecto, por favor mande un correo electr\u00f3nico a KeliAnne Hara-Hubbard. harak@uw.edu Conozca al Equipo Investigadores Barbara Baquero&nbsp;(she\/her\/ella), PhD, MPHInvestigadora Principal (L\u00edder&#8230;<\/p>\n<div><a class=\"more\" href=\"https:\/\/depts.washington.edu\/hprc\/projects\/pavc-espanol\/contactenos\/\">Read more<\/a><\/div>\n","protected":false},"author":2,"featured_media":6411,"parent":8302,"menu_order":4,"comment_status":"closed","ping_status":"closed","template":"templates\/template-small-hero.php","meta":{"footnotes":""},"class_list":["post-8309","page","type-page","status-publish","has-post-thumbnail","hentry"],"yoast_head":"<!-- This site is optimized with the Yoast SEO plugin v21.4 - https:\/\/yoast.com\/wordpress\/plugins\/seo\/ -->\n<title>Conozca al Equipo y Cont\u00e1ctenos - Health Promotion Research Center<\/title>\n<meta name=\"robots\" content=\"index, follow, max-snippet:-1, max-image-preview:large, max-video-preview:-1\" \/>\n<link rel=\"canonical\" href=\"https:\/\/depts.washington.edu\/hprc\/projects\/pavc-espanol\/contactenos\/\" \/>\n<meta property=\"og:locale\" content=\"en_US\" \/>\n<meta property=\"og:type\" content=\"article\" \/>\n<meta property=\"og:title\" content=\"Conozca al Equipo y Cont\u00e1ctenos - Health Promotion Research Center\" \/>\n<meta property=\"og:description\" content=\"El equipo de Colaboraci\u00f3n en la Confianza en la Vacuna de COVID-19 colabor\u00f3 con organizaciones locales, regionales y nacionales para aumentar las vacunaciones de COVID-19 y salvar vidas. Cont\u00e1ctenos Si tiene preguntas sobre el proyecto, por favor mande un correo electr\u00f3nico a KeliAnne Hara-Hubbard. harak@uw.edu Conozca al Equipo Investigadores Barbara Baquero&nbsp;(she\/her\/ella), PhD, MPHInvestigadora Principal (L\u00edder...\" \/>\n<meta property=\"og:url\" content=\"https:\/\/depts.washington.edu\/hprc\/projects\/pavc-espanol\/contactenos\/\" \/>\n<meta property=\"og:site_name\" content=\"Health Promotion Research Center\" \/>\n<meta property=\"article:publisher\" content=\"https:\/\/www.facebook.com\/uofwhprc\" \/>\n<meta property=\"article:modified_time\" content=\"2026-04-03T01:14:51+00:00\" \/>\n<meta property=\"og:image\" content=\"https:\/\/depts.washington.edu\/hprc\/wp-content\/uploads\/2021\/10\/pavc-team-hero.jpg\" \/>\n\t<meta property=\"og:image:width\" content=\"2000\" \/>\n\t<meta property=\"og:image:height\" content=\"350\" \/>\n\t<meta property=\"og:image:type\" content=\"image\/jpeg\" \/>\n<meta name=\"twitter:card\" content=\"summary_large_image\" \/>\n<meta name=\"twitter:label1\" content=\"Est. reading time\" \/>\n\t<meta name=\"twitter:data1\" content=\"1 minute\" \/>\n<script type=\"application\/ld+json\" class=\"yoast-schema-graph\">{\"@context\":\"https:\/\/schema.org\",\"@graph\":[{\"@type\":\"WebPage\",\"@id\":\"https:\/\/depts.washington.edu\/hprc\/projects\/pavc-espanol\/contactenos\/\",\"url\":\"https:\/\/depts.washington.edu\/hprc\/projects\/pavc-espanol\/contactenos\/\",\"name\":\"Conozca al Equipo y Cont\u00e1ctenos - Health Promotion Research Center\",\"isPartOf\":{\"@id\":\"https:\/\/depts.washington.edu\/hprc\/#website\"},\"datePublished\":\"2022-04-20T23:34:31+00:00\",\"dateModified\":\"2026-04-03T01:14:51+00:00\",\"breadcrumb\":{\"@id\":\"https:\/\/depts.washington.edu\/hprc\/projects\/pavc-espanol\/contactenos\/#breadcrumb\"},\"inLanguage\":\"en-US\",\"potentialAction\":[{\"@type\":\"ReadAction\",\"target\":[\"https:\/\/depts.washington.edu\/hprc\/projects\/pavc-espanol\/contactenos\/\"]}]},{\"@type\":\"BreadcrumbList\",\"@id\":\"https:\/\/depts.washington.edu\/hprc\/projects\/pavc-espanol\/contactenos\/#breadcrumb\",\"itemListElement\":[{\"@type\":\"ListItem\",\"position\":1,\"name\":\"Home\",\"item\":\"https:\/\/depts.washington.edu\/hprc\/\"},{\"@type\":\"ListItem\",\"position\":2,\"name\":\"Projects\",\"item\":\"https:\/\/depts.washington.edu\/hprc\/projects\/\"},{\"@type\":\"ListItem\",\"position\":3,\"name\":\"Colaboraci\u00f3n para la Confianza en la Vacuna de COVID-19\",\"item\":\"https:\/\/depts.washington.edu\/hprc\/projects\/pavc-espanol\/\"},{\"@type\":\"ListItem\",\"position\":4,\"name\":\"Conozca al Equipo y Cont\u00e1ctenos\"}]},{\"@type\":\"WebSite\",\"@id\":\"https:\/\/depts.washington.edu\/hprc\/#website\",\"url\":\"https:\/\/depts.washington.edu\/hprc\/\",\"name\":\"Health Promotion Research Center\",\"description\":\"Conducting Community-Based Research that Promotes Healthy Aging\",\"publisher\":{\"@id\":\"https:\/\/depts.washington.edu\/hprc\/#organization\"},\"potentialAction\":[{\"@type\":\"SearchAction\",\"target\":{\"@type\":\"EntryPoint\",\"urlTemplate\":\"https:\/\/depts.washington.edu\/hprc\/?s={search_term_string}\"},\"query-input\":\"required name=search_term_string\"}],\"inLanguage\":\"en-US\"},{\"@type\":\"Organization\",\"@id\":\"https:\/\/depts.washington.edu\/hprc\/#organization\",\"name\":\"UW Health Promotion Research Center\",\"url\":\"https:\/\/depts.washington.edu\/hprc\/\",\"logo\":{\"@type\":\"ImageObject\",\"inLanguage\":\"en-US\",\"@id\":\"https:\/\/depts.washington.edu\/hprc\/#\/schema\/logo\/image\/\",\"url\":\"https:\/\/depts.washington.edu\/hprc\/wp-content\/uploads\/2022\/05\/UW-HPRC-logo2a-full-purple-web.png\",\"contentUrl\":\"https:\/\/depts.washington.edu\/hprc\/wp-content\/uploads\/2022\/05\/UW-HPRC-logo2a-full-purple-web.png\",\"width\":2288,\"height\":239,\"caption\":\"UW Health Promotion Research Center\"},\"image\":{\"@id\":\"https:\/\/depts.washington.edu\/hprc\/#\/schema\/logo\/image\/\"},\"sameAs\":[\"https:\/\/www.facebook.com\/uofwhprc\"]}]}<\/script>\n<!-- \/ Yoast SEO plugin. -->","yoast_head_json":{"title":"Conozca al Equipo y Cont\u00e1ctenos - Health Promotion Research Center","robots":{"index":"index","follow":"follow","max-snippet":"max-snippet:-1","max-image-preview":"max-image-preview:large","max-video-preview":"max-video-preview:-1"},"canonical":"https:\/\/depts.washington.edu\/hprc\/projects\/pavc-espanol\/contactenos\/","og_locale":"en_US","og_type":"article","og_title":"Conozca al Equipo y Cont\u00e1ctenos - Health Promotion Research Center","og_description":"El equipo de Colaboraci\u00f3n en la Confianza en la Vacuna de COVID-19 colabor\u00f3 con organizaciones locales, regionales y nacionales para aumentar las vacunaciones de COVID-19 y salvar vidas. Cont\u00e1ctenos Si tiene preguntas sobre el proyecto, por favor mande un correo electr\u00f3nico a KeliAnne Hara-Hubbard. harak@uw.edu Conozca al Equipo Investigadores Barbara Baquero&nbsp;(she\/her\/ella), PhD, MPHInvestigadora Principal (L\u00edder...","og_url":"https:\/\/depts.washington.edu\/hprc\/projects\/pavc-espanol\/contactenos\/","og_site_name":"Health Promotion Research Center","article_publisher":"https:\/\/www.facebook.com\/uofwhprc","article_modified_time":"2026-04-03T01:14:51+00:00","og_image":[{"width":2000,"height":350,"url":"https:\/\/depts.washington.edu\/hprc\/wp-content\/uploads\/2021\/10\/pavc-team-hero.jpg","type":"image\/jpeg"}],"twitter_card":"summary_large_image","twitter_misc":{"Est. reading time":"1 minute"},"schema":{"@context":"https:\/\/schema.org","@graph":[{"@type":"WebPage","@id":"https:\/\/depts.washington.edu\/hprc\/projects\/pavc-espanol\/contactenos\/","url":"https:\/\/depts.washington.edu\/hprc\/projects\/pavc-espanol\/contactenos\/","name":"Conozca al Equipo y Cont\u00e1ctenos - Health Promotion Research Center","isPartOf":{"@id":"https:\/\/depts.washington.edu\/hprc\/#website"},"datePublished":"2022-04-20T23:34:31+00:00","dateModified":"2026-04-03T01:14:51+00:00","breadcrumb":{"@id":"https:\/\/depts.washington.edu\/hprc\/projects\/pavc-espanol\/contactenos\/#breadcrumb"},"inLanguage":"en-US","potentialAction":[{"@type":"ReadAction","target":["https:\/\/depts.washington.edu\/hprc\/projects\/pavc-espanol\/contactenos\/"]}]},{"@type":"BreadcrumbList","@id":"https:\/\/depts.washington.edu\/hprc\/projects\/pavc-espanol\/contactenos\/#breadcrumb","itemListElement":[{"@type":"ListItem","position":1,"name":"Home","item":"https:\/\/depts.washington.edu\/hprc\/"},{"@type":"ListItem","position":2,"name":"Projects","item":"https:\/\/depts.washington.edu\/hprc\/projects\/"},{"@type":"ListItem","position":3,"name":"Colaboraci\u00f3n para la Confianza en la Vacuna de COVID-19","item":"https:\/\/depts.washington.edu\/hprc\/projects\/pavc-espanol\/"},{"@type":"ListItem","position":4,"name":"Conozca al Equipo y Cont\u00e1ctenos"}]},{"@type":"WebSite","@id":"https:\/\/depts.washington.edu\/hprc\/#website","url":"https:\/\/depts.washington.edu\/hprc\/","name":"Health Promotion Research Center","description":"Conducting Community-Based Research that Promotes Healthy Aging","publisher":{"@id":"https:\/\/depts.washington.edu\/hprc\/#organization"},"potentialAction":[{"@type":"SearchAction","target":{"@type":"EntryPoint","urlTemplate":"https:\/\/depts.washington.edu\/hprc\/?s={search_term_string}"},"query-input":"required name=search_term_string"}],"inLanguage":"en-US"},{"@type":"Organization","@id":"https:\/\/depts.washington.edu\/hprc\/#organization","name":"UW Health Promotion Research Center","url":"https:\/\/depts.washington.edu\/hprc\/","logo":{"@type":"ImageObject","inLanguage":"en-US","@id":"https:\/\/depts.washington.edu\/hprc\/#\/schema\/logo\/image\/","url":"https:\/\/depts.washington.edu\/hprc\/wp-content\/uploads\/2022\/05\/UW-HPRC-logo2a-full-purple-web.png","contentUrl":"https:\/\/depts.washington.edu\/hprc\/wp-content\/uploads\/2022\/05\/UW-HPRC-logo2a-full-purple-web.png","width":2288,"height":239,"caption":"UW Health Promotion Research Center"},"image":{"@id":"https:\/\/depts.washington.edu\/hprc\/#\/schema\/logo\/image\/"},"sameAs":["https:\/\/www.facebook.com\/uofwhprc"]}]}},"_links":{"self":[{"href":"https:\/\/depts.washington.edu\/hprc\/wp-json\/wp\/v2\/pages\/8309","targetHints":{"allow":["GET"]}}],"collection":[{"href":"https:\/\/depts.washington.edu\/hprc\/wp-json\/wp\/v2\/pages"}],"about":[{"href":"https:\/\/depts.washington.edu\/hprc\/wp-json\/wp\/v2\/types\/page"}],"author":[{"embeddable":true,"href":"https:\/\/depts.washington.edu\/hprc\/wp-json\/wp\/v2\/users\/2"}],"replies":[{"embeddable":true,"href":"https:\/\/depts.washington.edu\/hprc\/wp-json\/wp\/v2\/comments?post=8309"}],"version-history":[{"count":13,"href":"https:\/\/depts.washington.edu\/hprc\/wp-json\/wp\/v2\/pages\/8309\/revisions"}],"predecessor-version":[{"id":12289,"href":"https:\/\/depts.washington.edu\/hprc\/wp-json\/wp\/v2\/pages\/8309\/revisions\/12289"}],"up":[{"embeddable":true,"href":"https:\/\/depts.washington.edu\/hprc\/wp-json\/wp\/v2\/pages\/8302"}],"wp:featuredmedia":[{"embeddable":true,"href":"https:\/\/depts.washington.edu\/hprc\/wp-json\/wp\/v2\/media\/6411"}],"wp:attachment":[{"href":"https:\/\/depts.washington.edu\/hprc\/wp-json\/wp\/v2\/media?parent=8309"}],"curies":[{"name":"wp","href":"https:\/\/api.w.org\/{rel}","templated":true}]}}