{"id":4369,"date":"2015-06-02T16:24:33","date_gmt":"2015-06-02T16:24:33","guid":{"rendered":"http:\/\/depts.washington.edu\/kenyares\/?page_id=4369"},"modified":"2024-02-28T16:58:37","modified_gmt":"2024-02-28T16:58:37","slug":"arianna-rubin-means","status":"publish","type":"page","link":"https:\/\/depts.washington.edu\/kenyares\/about\/who-we-are\/uw\/arianna-rubin-means\/","title":{"rendered":"Arianna Rubin-Means, MPH, PhD"},"content":{"rendered":"<div id=\"pl-4369\"  class=\"panel-layout\" ><div id=\"pg-4369-0\"  class=\"panel-grid panel-no-style\" ><div id=\"pgc-4369-0-0\"  class=\"panel-grid-cell\" ><div id=\"panel-4369-0-0-0\" class=\"so-panel widget widget_sow-editor panel-first-child panel-last-child\" data-index=\"0\" ><div\n\t\t\t\n\t\t\tclass=\"so-widget-sow-editor so-widget-sow-editor-base\"\n\t\t\t\n\t\t>\n<div class=\"siteorigin-widget-tinymce textwidget\">\n\t<h2>Assistant Professor, Global Health<\/h2>\n<\/div>\n<\/div><\/div><\/div><\/div><div id=\"pg-4369-1\"  class=\"panel-grid panel-no-style\" ><div id=\"pgc-4369-1-0\"  class=\"panel-grid-cell\" ><div id=\"panel-4369-1-0-0\" class=\"so-panel widget widget_sow-editor panel-first-child panel-last-child\" data-index=\"1\" ><div\n\t\t\t\n\t\t\tclass=\"so-widget-sow-editor so-widget-sow-editor-base\"\n\t\t\t\n\t\t>\n<div class=\"siteorigin-widget-tinymce textwidget\">\n\t<p><a href=\"https:\/\/depts.washington.edu\/kenyares\/wp-content\/uploads\/2024\/02\/unnamed-e1708638780272.jpeg\"><img loading=\"lazy\" decoding=\"async\" class=\"alignnone size-medium wp-image-11416\" src=\"https:\/\/depts.washington.edu\/kenyares\/wp-content\/uploads\/2024\/02\/unnamed-e1708638780272-300x257.jpeg\" alt=\"\" width=\"300\" height=\"257\" srcset=\"https:\/\/depts.washington.edu\/kenyares\/wp-content\/uploads\/2024\/02\/unnamed-e1708638780272-300x257.jpeg 300w, https:\/\/depts.washington.edu\/kenyares\/wp-content\/uploads\/2024\/02\/unnamed-e1708638780272-250x214.jpeg 250w, https:\/\/depts.washington.edu\/kenyares\/wp-content\/uploads\/2024\/02\/unnamed-e1708638780272.jpeg 512w\" sizes=\"auto, (max-width: 300px) 100vw, 300px\" \/><\/a><\/p>\n<\/div>\n<\/div><\/div><\/div><div id=\"pgc-4369-1-1\"  class=\"panel-grid-cell\" ><div id=\"panel-4369-1-1-0\" class=\"so-panel widget widget_sow-editor panel-first-child panel-last-child\" data-index=\"2\" ><div\n\t\t\t\n\t\t\tclass=\"so-widget-sow-editor so-widget-sow-editor-base\"\n\t\t\t\n\t\t>\n<div class=\"siteorigin-widget-tinymce textwidget\">\n\t<p>Dr. Arianna Rubin-Means, MPH, PhD focuses on generating operational evidence needed to improve the delivery of routine primary healthcare programs in low and middle-income countries, both within health facilities and in communities. She is currently the implementation science lead for the DeWorm3 Project, a series of large hybrid cluster randomized trials in Benin, India, and Malawi. She designs and manages the DeWorm3 Project\u2019s qualitative research studies, organizational readiness research, operational research process mapping studies, and economic evaluations. She also leads implementation science activities for a multi-country network of facility-based child mortality studies, which aim to improve care for acutely ill children living in countries with limited resources and prevent both in-hospital and post-discharge mortality. Dr. Means teaches the online Fundamentals of Implementation Science course, providing training to over 200 implementation scientists around the world, as well as the annual CFAR implementation science mini-course.<\/p>\n<p>A trained epidemiologist and implementation scientist, Dr. Means\u2019 area of expertise is integrating evaluation of implementation outcomes into clinically oriented research to ensure that findings translate into the evidence needed to inform policy and guidelines. Dr. Means is a Scientific Associate at the Natural History Museum in London and an Associate Editor for PLOS Neglected Tropical Diseases.<\/p>\n<\/div>\n<\/div><\/div><\/div><\/div><div id=\"pg-4369-2\"  class=\"panel-grid panel-no-style\" ><div id=\"pgc-4369-2-0\"  class=\"panel-grid-cell\" ><div id=\"panel-4369-2-0-0\" class=\"so-panel widget widget_sow-editor panel-first-child panel-last-child\" data-index=\"3\" ><div\n\t\t\t\n\t\t\tclass=\"so-widget-sow-editor so-widget-sow-editor-base\"\n\t\t\t\n\t\t><h3 class=\"widget-title\">Publications<\/h3>\n<div class=\"siteorigin-widget-tinymce textwidget\">\n\t<!-- load from cache<br> --><ol><li>Yousafzai, MT, Cornick, J, Penataro Yori, P, Hossain, MJ, Keita, AM, Atlas, HE <i>et al.<\/i>. The incidence and antimicrobial resistance of Shigella-attributable diarrhoea in young children in low-income and middle-income countries from the multicountry Enterics for Global Health (EFGH) Shigella Surveillance Study: a prospective, facility-based hybrid surveillance study. Lancet Glob Health. 2026;14 (5):e749-e761. doi: <a href='http:\/\/dx.doi.org\/10.1016\/S2214-109X(25)00534-0'>10.1016\/S2214-109X(25)00534-0<\/a>. PubMed <a href='http:\/\/www.ncbi.nlm.nih.gov\/pubmed\/41831467'>PMID:41831467<\/a> PubMed Central <a href='http:\/\/www.ncbi.nlm.nih.gov\/pmc\/articles\/PMC13106044'>PMC13106044<\/a>.<\/li><li>Coe, MM, Shawon, RA, Masheti, M, Oduol, C, Amam, P, Olieng'o, GO <i>et al.<\/i>. \"Though there are some challenges, we try our best to follow the guidelines\": a qualitative study exploring determinants of providing guideline-adherent care to hospitalized children in Kenya. Implement Sci Commun. 2025;6 (1):110. doi: <a href='http:\/\/dx.doi.org\/10.1186\/s43058-025-00790-1'>10.1186\/s43058-025-00790-1<\/a>. PubMed <a href='http:\/\/www.ncbi.nlm.nih.gov\/pubmed\/41146284'>PMID:41146284<\/a> PubMed Central <a href='http:\/\/www.ncbi.nlm.nih.gov\/pmc\/articles\/PMC12560299'>PMC12560299<\/a>.<\/li><li>Mangale, DI, Chhun, N, Majaha, M, Martin, C, Onyango, A, Mugo, C <i>et al.<\/i>. Determinants of feasibility, acceptability and reach of mobile phone delivery of an Adolescent Transition Package (ATP) supporting the transition of youth living with HIV to adult HIV care in Kenya during the COVID-19 pandemic. BMC Health Serv Res. 2025;25 (1):1311. doi: <a href='http:\/\/dx.doi.org\/10.1186\/s12913-025-13305-4'>10.1186\/s12913-025-13305-4<\/a>. PubMed <a href='http:\/\/www.ncbi.nlm.nih.gov\/pubmed\/41053768'>PMID:41053768<\/a> PubMed Central <a href='http:\/\/www.ncbi.nlm.nih.gov\/pmc\/articles\/PMC12502399'>PMC12502399<\/a>.<\/li><li>Ajjampur, SSR, Aruldas, K, \u00c1sbj\u00f6rnsd\u00f3ttir, KH, Avokpaho, E, Bailey, R, Cottrell, G <i>et al.<\/i>. Feasibility of interrupting the transmission of soil-transmitted helminths: the DeWorm3 community cluster-randomised controlled trial in Benin, India, and Malawi. Lancet. 2025;406 (10502):475-488. doi: <a href='http:\/\/dx.doi.org\/10.1016\/S0140-6736(25)00766-4'>10.1016\/S0140-6736(25)00766-4<\/a>. PubMed <a href='http:\/\/www.ncbi.nlm.nih.gov\/pubmed\/40752908'>PMID:40752908<\/a> .<\/li><li>Khosropour, CM, Healy, E, Murphy, EM, Means, AR, Pasha, E, Howard, J <i>et al.<\/i>. \"I honestly didn't know it was for women too&#x2026;\" acceptability and feasibility of integrating PrEP services into OB\/GYN practices from the perspectives of practice staff and cisgender women in the community: a qualitative study. Front Health Serv. 2025;5 :1567688. doi: <a href='http:\/\/dx.doi.org\/10.3389\/frhs.2025.1567688'>10.3389\/frhs.2025.1567688<\/a>. PubMed <a href='http:\/\/www.ncbi.nlm.nih.gov\/pubmed\/40521174'>PMID:40521174<\/a> PubMed Central <a href='http:\/\/www.ncbi.nlm.nih.gov\/pmc\/articles\/PMC12162616'>PMC12162616<\/a>.<\/ol><a href='http:\/\/www.ncbi.nlm.nih.gov\/pubmed?term=Arianna+Rubin+Means'>Search PubMed<\/a>\n<\/div>\n<\/div><\/div><\/div><\/div><\/div>","protected":false},"excerpt":{"rendered":"<p>Assistant Professor, Global Health Dr. Arianna Rubin-Means, MPH, PhD focuses on generating operational evidence needed to improve the delivery of routine primary healthcare programs in low and middle-income countries, both within health facilities and in communities. She is currently the implementation science lead for the DeWorm3 Project, a series of large hybrid cluster randomized trials&#8230; <a href=\"https:\/\/depts.washington.edu\/kenyares\/about\/who-we-are\/uw\/arianna-rubin-means\/\">Read More<\/a><\/p>\n","protected":false},"author":19,"featured_media":0,"parent":645,"menu_order":0,"comment_status":"closed","ping_status":"closed","template":"page_no-sidebar-page.php","meta":{"_acf_changed":false,"footnotes":""},"class_list":["post-4369","page","type-page","status-publish","hentry"],"acf":[],"_links":{"self":[{"href":"https:\/\/depts.washington.edu\/kenyares\/wp-json\/wp\/v2\/pages\/4369","targetHints":{"allow":["GET"]}}],"collection":[{"href":"https:\/\/depts.washington.edu\/kenyares\/wp-json\/wp\/v2\/pages"}],"about":[{"href":"https:\/\/depts.washington.edu\/kenyares\/wp-json\/wp\/v2\/types\/page"}],"author":[{"embeddable":true,"href":"https:\/\/depts.washington.edu\/kenyares\/wp-json\/wp\/v2\/users\/19"}],"replies":[{"embeddable":true,"href":"https:\/\/depts.washington.edu\/kenyares\/wp-json\/wp\/v2\/comments?post=4369"}],"version-history":[{"count":13,"href":"https:\/\/depts.washington.edu\/kenyares\/wp-json\/wp\/v2\/pages\/4369\/revisions"}],"predecessor-version":[{"id":11472,"href":"https:\/\/depts.washington.edu\/kenyares\/wp-json\/wp\/v2\/pages\/4369\/revisions\/11472"}],"up":[{"embeddable":true,"href":"https:\/\/depts.washington.edu\/kenyares\/wp-json\/wp\/v2\/pages\/645"}],"wp:attachment":[{"href":"https:\/\/depts.washington.edu\/kenyares\/wp-json\/wp\/v2\/media?parent=4369"}],"curies":[{"name":"wp","href":"https:\/\/api.w.org\/{rel}","templated":true}]}}