{"id":352,"date":"2024-07-24T23:26:52","date_gmt":"2024-07-24T23:26:52","guid":{"rendered":"https:\/\/depts.washington.edu\/stsst\/wordpress\/?page_id=352"},"modified":"2024-08-07T21:49:47","modified_gmt":"2024-08-07T21:49:47","slug":"contact","status":"publish","type":"page","link":"https:\/\/depts.washington.edu\/stsst\/contact\/","title":{"rendered":"Contact"},"content":{"rendered":"<div class=\"wp-block-media-text alignwide is-stacked-on-mobile is-vertically-aligned-center has-background\" style=\"background-color:#d3d4ce\">\n<figure class=\"wp-block-media-text__media\"><img loading=\"lazy\" decoding=\"async\" width=\"1024\" height=\"1024\" src=\"https:\/\/depts.washington.edu\/stsst\/wordpress\/wp-content\/uploads\/2024\/07\/telephone-1.jpg\" alt=\"\" class=\"wp-image-356 size-full\" srcset=\"https:\/\/depts.washington.edu\/stsst\/wordpress\/wp-content\/uploads\/2024\/07\/telephone-1.jpg 1024w, https:\/\/depts.washington.edu\/stsst\/wordpress\/wp-content\/uploads\/2024\/07\/telephone-1-300x300.jpg 300w, https:\/\/depts.washington.edu\/stsst\/wordpress\/wp-content\/uploads\/2024\/07\/telephone-1-150x150.jpg 150w, https:\/\/depts.washington.edu\/stsst\/wordpress\/wp-content\/uploads\/2024\/07\/telephone-1-768x768.jpg 768w, https:\/\/depts.washington.edu\/stsst\/wordpress\/wp-content\/uploads\/2024\/07\/telephone-1-375x375.jpg 375w\" sizes=\"auto, 100vw\" \/><\/figure>\n<div class=\"wp-block-media-text__content\">\n<div class=\"wp-block-group\" style=\"padding-top:2em;padding-right:2em;padding-bottom:2em;padding-left:2em\">\n<div class=\"wp-block-group__inner-container is-layout-flow wp-block-group-is-layout-flow\">\n<p style=\"font-size:24px;line-height:1.2\"><strong>Questions about the STSS program?<\/strong><\/p>\n<p>Contact Leah Ceccarelli, STSS Director at cecc@uw.edu<\/p>\n<\/div>\n<\/div>\n<\/div>\n<\/div>\n<div class=\"wp-block-media-text alignwide is-stacked-on-mobile is-vertically-aligned-center has-background\" style=\"background-color:#aaaaaa\">\n<figure class=\"wp-block-media-text__media\"><img loading=\"lazy\" decoding=\"async\" width=\"1024\" height=\"1024\" src=\"https:\/\/depts.washington.edu\/stsst\/wordpress\/wp-content\/uploads\/2024\/08\/budapest-jokai-2-copy.jpg\" alt=\"\" class=\"wp-image-410 size-full\" srcset=\"https:\/\/depts.washington.edu\/stsst\/wordpress\/wp-content\/uploads\/2024\/08\/budapest-jokai-2-copy.jpg 1024w, https:\/\/depts.washington.edu\/stsst\/wordpress\/wp-content\/uploads\/2024\/08\/budapest-jokai-2-copy-300x300.jpg 300w, https:\/\/depts.washington.edu\/stsst\/wordpress\/wp-content\/uploads\/2024\/08\/budapest-jokai-2-copy-150x150.jpg 150w, https:\/\/depts.washington.edu\/stsst\/wordpress\/wp-content\/uploads\/2024\/08\/budapest-jokai-2-copy-768x768.jpg 768w, https:\/\/depts.washington.edu\/stsst\/wordpress\/wp-content\/uploads\/2024\/08\/budapest-jokai-2-copy-375x375.jpg 375w\" sizes=\"auto, 100vw\" \/><\/figure>\n<div class=\"wp-block-media-text__content\">\n<div class=\"wp-block-group\" style=\"padding-top:2em;padding-right:2em;padding-bottom:2em;padding-left:2em\">\n<div class=\"wp-block-group__inner-container is-layout-flow wp-block-group-is-layout-flow\">\n<p class=\"has-text-color has-link-color wp-elements-a7dbebd317b6f3e30eeced0cc7cf9a27\" style=\"color:#000000;font-size:24px;line-height:1.2\"><strong>Questions about the community?<\/strong><\/p>\n<p class=\"has-text-color has-link-color wp-elements-1b809a438c4d03e68f02fd065b0b0794\" style=\"color:#000000\">Contact Monika Sengul-Jones at mmjones@uw.edu<\/p>\n<\/div>\n<\/div>\n<\/div>\n<\/div>\n<div style=\"height:20px\" aria-hidden=\"true\" class=\"wp-block-spacer\"><\/div>\n<p style=\"font-size:10px\">Image credits: &#8220;Old Phone&#8221; by Alexander Andrews for Unsplash. Bottom: &#8220;K\u00e1v\u00e9t\u00e1rsas\u00e1g, Budapest, Hungary&#8221; by <a href=\"https:\/\/julesvernex2.com\/\">Jules Verne 2<\/a> via Wikimedia Commons.<\/p>\n","protected":false},"excerpt":{"rendered":"<p>Image credits: &#8220;Old Phone&#8221; by Alexander Andrews for Unsplash. Bottom: &#8220;K\u00e1v\u00e9t\u00e1rsas\u00e1g, Budapest, Hungary&#8221; by Jules Verne 2 via Wikimedia Commons.<\/p>\n<div><a class=\"more-link\" href=\"https:\/\/depts.washington.edu\/stsst\/contact\/\">Continue reading <span class=\"screen-reader-text\">Contact<\/span><\/a><\/div>\n","protected":false},"author":3,"featured_media":0,"parent":0,"menu_order":0,"comment_status":"closed","ping_status":"closed","template":"","meta":{"footnotes":""},"class_list":["post-352","page","type-page","status-publish","hentry"],"_links":{"self":[{"href":"https:\/\/depts.washington.edu\/stsst\/wp-json\/wp\/v2\/pages\/352","targetHints":{"allow":["GET"]}}],"collection":[{"href":"https:\/\/depts.washington.edu\/stsst\/wp-json\/wp\/v2\/pages"}],"about":[{"href":"https:\/\/depts.washington.edu\/stsst\/wp-json\/wp\/v2\/types\/page"}],"author":[{"embeddable":true,"href":"https:\/\/depts.washington.edu\/stsst\/wp-json\/wp\/v2\/users\/3"}],"replies":[{"embeddable":true,"href":"https:\/\/depts.washington.edu\/stsst\/wp-json\/wp\/v2\/comments?post=352"}],"version-history":[{"count":11,"href":"https:\/\/depts.washington.edu\/stsst\/wp-json\/wp\/v2\/pages\/352\/revisions"}],"predecessor-version":[{"id":415,"href":"https:\/\/depts.washington.edu\/stsst\/wp-json\/wp\/v2\/pages\/352\/revisions\/415"}],"wp:attachment":[{"href":"https:\/\/depts.washington.edu\/stsst\/wp-json\/wp\/v2\/media?parent=352"}],"curies":[{"name":"wp","href":"https:\/\/api.w.org\/{rel}","templated":true}]}}