{"id":1950,"date":"2019-10-04T18:06:47","date_gmt":"2019-10-04T18:06:47","guid":{"rendered":"http:\/\/depts.washington.edu\/uwmedptn\/?page_id=1950"},"modified":"2019-10-08T17:04:40","modified_gmt":"2019-10-08T17:04:40","slug":"2019-national-hispanic-heritage-month","status":"publish","type":"page","link":"https:\/\/depts.washington.edu\/uwmedptn\/strategies-programs\/healthcare-equity\/hcetoolkit\/healthcare-equity-related-commemorations\/2019-national-hispanic-heritage-month\/","title":{"rendered":"2019 National Hispanic Heritage Month"},"content":{"rendered":"<div id=\"attachment_1961\" class=\"wp-caption alignleft\" style=\"width: 313px\"><img loading=\"lazy\" decoding=\"async\" class=\" wp-image-1961\" src=\"https:\/\/depts.washington.edu\/uwmedptn\/wp-content\/uploads\/National-Hispanic-Heritage-Month-300x169.jpg\" alt=\"\" width=\"303\" height=\"171\" srcset=\"https:\/\/depts.washington.edu\/uwmedptn\/wp-content\/uploads\/National-Hispanic-Heritage-Month-300x169.jpg 300w, https:\/\/depts.washington.edu\/uwmedptn\/wp-content\/uploads\/National-Hispanic-Heritage-Month-1024x576.jpg 1024w, https:\/\/depts.washington.edu\/uwmedptn\/wp-content\/uploads\/National-Hispanic-Heritage-Month-375x211.jpg 375w, https:\/\/depts.washington.edu\/uwmedptn\/wp-content\/uploads\/National-Hispanic-Heritage-Month-750x422.jpg 750w, https:\/\/depts.washington.edu\/uwmedptn\/wp-content\/uploads\/National-Hispanic-Heritage-Month-1140x641.jpg 1140w, https:\/\/depts.washington.edu\/uwmedptn\/wp-content\/uploads\/National-Hispanic-Heritage-Month.jpg 1920w\" sizes=\"(max-width: 303px) 100vw, 303px\" \/><\/p>\n<p class=\"wp-caption-text\">Photo Credit: Shutterstock ID: 1486106495<\/p>\n<\/div>\n<p>Started in 1968 as Hispanic Heritage Week under President Lyndon Johnson when Congress passed <a href=\"https:\/\/www.loc.gov\/law\/help\/commemorative-observations\/pdf\/Pub.%20L.%2090-498.pdf\">Pub. L. 90-498<\/a>, National Hispanic Heritage Month was expanded to 30 days by President Ronald Reagan in 1988. Beginning the observation on September 15<sup>th<\/sup> has significance \u2013 elevating the anniversary of independence for Latin American countries.\u00a0 These nations include Costa Rica, El Salvador, Guatemala, Honduras and Nicaragua. Mexico and Chile celebrate their independence days on September 16<sup>th<\/sup> and September 18 respectively.<\/p>\n<p>The very first proclamation designating Hispanic Heritage Week which went on to become National Hispanic Heritage Month was issued by then President Lyndon B. Johnson \u2013 <a href=\"https:\/\/www.presidency.ucsb.edu\/documents\/proclamation-3869-national-hispanic-heritage-week-1968\">Presidential Proclamation 3869<\/a> \u2013 which offers in part:<\/p>\n<p><em>Wishing to pay special tribute to the Hispanic tradition, and having in mind the fact that our five Central American neighbors celebrate their Independence Day on the fifteenth of September and the Republic of Mexico on the sixteenth, the Congress by House Joint Resolution 1299, has requested the President to issue annually a proclamation designating the week including September 15 and 16 as National Hispanic Heritage Week.<\/em><\/p>\n<hr \/>\n<h3><strong>Dr. Catalina Esperanza Garcia<\/strong><\/h3>\n<div id=\"attachment_1952\" class=\"wp-caption alignleft\" style=\"width: 210px\"><img loading=\"lazy\" decoding=\"async\" class=\"wp-image-1952 size-full\" src=\"https:\/\/depts.washington.edu\/uwmedptn\/wp-content\/uploads\/Dr.-Catalina-Esperanza-Garcia.jpg\" alt=\"\" width=\"200\" height=\"260\" \/><\/p>\n<p class=\"wp-caption-text\">Photo Credit: University of Texas El Paso<\/p>\n<\/div>\n<p>Growing up in in el Segundo Barrio of El Paso, Texas, Dr. Catalina Esperanza Garcia remembers wanting to become a doctor as a child. \u201cIn sports they tell you to imagine making the perfect shot, well for me the perfect shot was walking down the hospital corridor, dressed as a physician in a white coat with a stethoscope.\u201d<\/p>\n<p>In 1961, Dr. Garcia graduated from Texas Western College \u2013 now named the <a href=\"https:\/\/www.utep.edu\/about\/index.html\">University Of Texas El Paso (UTEP)<\/a> with a bachelor\u2019s degree in biology. Eight years later, Dr. Garcia became a doctor. In 1969, she became the second Latina to graduate from the <a href=\"https:\/\/www.utsouthwestern.edu\/education\/medical-school\/about-the-school\/\">University of Texas Southwestern Medical School<\/a>. For the next 50 years, Dr. Garcia built her medical career as an anesthesiologist in North Texas. In addition to her being a practicing physician, Dr. Garcia has been actively involved community engagement. \u00a0Her drive to help young Hispanic women succeed, Dr. Garcia established the <a href=\"https:\/\/givingto.utep.edu\/page.aspx?pid=1631&amp;DeliveryChannelID=23b56292-0f3c-43ac-af13-7767ad9d4057\">Dr. Catalina E. Garcia Student Enhancement Endowment<\/a> in 2015. Such support facilitates cultural immersion activities for students in the UTEP\u2019s Medical Profession\u2019s Institute (MPI).<\/p>\n<p><strong>Citation<\/strong>: University of Texas El Paso. (n.d.). Dr. Catalina Esperanza Garcia. Retrieved October 2, 2019, from <a href=\"https:\/\/givingto.utep.edu\/page.aspx?pid=1631\">https:\/\/givingto.utep.edu\/page.aspx?pid=1631<\/a>.<\/p>\n<p>Dr. Garcia is also a founding member of the philanthropic <a href=\"https:\/\/www.txwf.org\/about-us\/#about\">Dallas Women\u2019s Foundation<\/a>. She teaches English to immigrant women. In 2013, Dr. Garcia was the recipient of the Dallas-Fort Worth Hispanic 100 Latina Living Legend Award. In 2016, she received a Distinguished Alumni and Gold Nugget Award from the University of Texas at El Paso.<\/p>\n<hr \/>\n<h3><strong>Helen Rodr\u00edguez-Tr\u00edas, MD<\/strong><\/h3>\n<div id=\"attachment_1953\" class=\"wp-caption alignright\" style=\"width: 237px\"><img loading=\"lazy\" decoding=\"async\" class=\"wp-image-1953 size-medium\" src=\"https:\/\/depts.washington.edu\/uwmedptn\/wp-content\/uploads\/Helen-Rodriguez-Trias-American-Journal-of-Public-Health-1-227x300.jpg\" alt=\"\" width=\"227\" height=\"300\" srcset=\"https:\/\/depts.washington.edu\/uwmedptn\/wp-content\/uploads\/Helen-Rodriguez-Trias-American-Journal-of-Public-Health-1-227x300.jpg 227w, https:\/\/depts.washington.edu\/uwmedptn\/wp-content\/uploads\/Helen-Rodriguez-Trias-American-Journal-of-Public-Health-1-375x495.jpg 375w, https:\/\/depts.washington.edu\/uwmedptn\/wp-content\/uploads\/Helen-Rodriguez-Trias-American-Journal-of-Public-Health-1.jpg 745w\" sizes=\"(max-width: 227px) 100vw, 227px\" \/><\/p>\n<p class=\"wp-caption-text\">Photo Credit: American Journal of Public Health<\/p>\n<\/div>\n<p>Dr. Helen Rodriguez-Tr\u00edas wanted to be a physician because medicine &#8220;combined the things I loved the most, science and people. I understood that medicine would give me more direct and independent ways to contribute to society, not through organizations or abstract studies, but acting directly on the individual.&#8221; As a pediatrician, she strove to meet the health needs of the poorest children, from San Juan to the South Bronx. She was medical director of the New York State AIDS Institute from 1988 to 1989, and she was named the first Latina president of the American Public Health Association (APHA) in 1993. Rodriguez-Tr\u00edas may be best known, however, for her pivotal role in the women\u2019s health movement.<\/p>\n<p>Dr. Helen Rodriguez-Tr\u00edas was a founding member of the Women&#8217;s Caucus of the American Public Health Association. Dr. Helen Rodriguez-Tr\u00edas was a founding member of Committee to End Sterilization Abuse. Dr. Helen Rodriguez-Tr\u00edas received the Presidential Citizen&#8217;s Medal for her work on behalf of women, children, people with HIV and AIDS, and the poor. Dr. Helen Rodriguez-Tr\u00edas was the first Latina to be elected president of the American Public Health Association. Dr. Helen Rodriguez-Tr\u00edas was a founding member of the Committee for Abortion Rights and Against Sterilization Abuse.<\/p>\n<p><strong>Citation:<\/strong> Wilcox J. (2002). The face of women&#8217;s health: Helen Rodriguez-Tr\u00edas. American journal of public health, 92(4), 566-9.<\/p>\n<hr \/>\n<h3><strong>Dr. Eduardo D. Rodriguez<\/strong><\/h3>\n<div id=\"attachment_1954\" class=\"wp-caption alignleft\" style=\"width: 310px\"><img loading=\"lazy\" decoding=\"async\" class=\"wp-image-1954 size-medium\" src=\"https:\/\/depts.washington.edu\/uwmedptn\/wp-content\/uploads\/Dr-Eduardo-D-Rodriguez-New-York-University-Department-of-Plastic-Surgery-300x300.jpg\" alt=\"\" width=\"300\" height=\"300\" srcset=\"https:\/\/depts.washington.edu\/uwmedptn\/wp-content\/uploads\/Dr-Eduardo-D-Rodriguez-New-York-University-Department-of-Plastic-Surgery-300x300.jpg 300w, https:\/\/depts.washington.edu\/uwmedptn\/wp-content\/uploads\/Dr-Eduardo-D-Rodriguez-New-York-University-Department-of-Plastic-Surgery-150x150.jpg 150w, https:\/\/depts.washington.edu\/uwmedptn\/wp-content\/uploads\/Dr-Eduardo-D-Rodriguez-New-York-University-Department-of-Plastic-Surgery-375x375.jpg 375w, https:\/\/depts.washington.edu\/uwmedptn\/wp-content\/uploads\/Dr-Eduardo-D-Rodriguez-New-York-University-Department-of-Plastic-Surgery-750x750.jpg 750w, https:\/\/depts.washington.edu\/uwmedptn\/wp-content\/uploads\/Dr-Eduardo-D-Rodriguez-New-York-University-Department-of-Plastic-Surgery-50x50.jpg 50w, https:\/\/depts.washington.edu\/uwmedptn\/wp-content\/uploads\/Dr-Eduardo-D-Rodriguez-New-York-University-Department-of-Plastic-Surgery.jpg 1000w\" sizes=\"(max-width: 300px) 100vw, 300px\" \/><\/p>\n<p class=\"wp-caption-text\">Photo Credit: New York University Department of Plastic Surgery<\/p>\n<\/div>\n<p>Dr. Eduardo Rodriguez practices as a plastic surgeon in New York City. Rodriguez has affiliations with various hospitals in America\u2019s largest city \u2013 including NYU Langone Hospitals. He also is connected with the University of Maryland Medical Center in Baltimore.<\/p>\n<p>A native to South Florida, Dr. Eduardo D. Rodriguez is the son of Cuban immigrants. \u201cWe are a resilient culture that knows how to overcome adversity and make the best of any situation. Cubans are hard-working people with strong family values, deep rooted traditions, and of great religious faith,&#8221; offered Rodriguez to <a href=\"https:\/\/www.univision.com\/univision-news\/health\/these-23-hispanics-are-an-example-in-the-us-health-services\">Univision News<\/a> in their honoring Hispanic Heritage Month.<\/p>\n<p>Rodriguez and his team performed New York University Langone\u2019s first face transplant in August 2015. Patrick Hardison \u2013 Mississippi firefighter who sustained serious burns in September 2001 while on the job \u2013 was the recipient. Discussing Hardison\u2019s procedure Rodriguez said, \u201cThere is nothing that brings greater joy than to care for patients in need of surgical solutions.\u201d<\/p>\n<p>Rodriguez earned his medical degree from Virginia Commonwealth University School of Medicine in Richmond.<\/p>\n<p><strong>Citation<\/strong>: N\u00fa\u00f1ez, E., Liendo, O., &amp; Univsion. (2016, October 14). 23 inspiring stories of Hispanic health professionals. Retrieved October 2, 2019, from <a href=\"https:\/\/www.univision.com\/univision-news\/health\/these-23-hispanics-are-an-example-in-the-us-health-services\">https:\/\/www.univision.com\/univision-news\/health\/these-23-hispanics-are-an-example-in-the-us-health-services<\/a>.<\/p>\n<hr \/>\n<h3><strong>Mario Molina<\/strong><\/h3>\n<div id=\"attachment_1956\" class=\"wp-caption alignright\" style=\"width: 224px\"><img loading=\"lazy\" decoding=\"async\" class=\"size-medium wp-image-1956\" src=\"https:\/\/depts.washington.edu\/uwmedptn\/wp-content\/uploads\/Mario-Molin-Chemist-The-Nobel-Foundation-214x300.jpg\" alt=\"\" width=\"214\" height=\"300\" srcset=\"https:\/\/depts.washington.edu\/uwmedptn\/wp-content\/uploads\/Mario-Molin-Chemist-The-Nobel-Foundation-214x300.jpg 214w, https:\/\/depts.washington.edu\/uwmedptn\/wp-content\/uploads\/Mario-Molin-Chemist-The-Nobel-Foundation.jpg 232w\" sizes=\"(max-width: 214px) 100vw, 214px\" \/><\/p>\n<p class=\"wp-caption-text\">Photo Credit: The Nobel Foundation<\/p>\n<\/div>\n<p>A native of Mexico City, Mario Molina won a Nobel Prize in 1995 for his research on how man-made chemicals affect the Earth\u2019s ozone layer.\u00a0 In 1995, Molina won a Nobel Prize for Chemistry in recognition of his contributions to science.<\/p>\n<p>Accordingly to <a href=\"https:\/\/www.biography.com\/scientist\/mario-molina#synopsis\">Biography.com<\/a>, Molina as a child created a chemistry lab inside a bathroom in his home. To expand his interests in chemistry, Molina began his educational journey in Mexico, then Germany and ultimately moved to the United States in 1968. Here, Molina earned a degree in physical chemistry from the University of California (UC) Berkeley.<\/p>\n<p>After meeting and marrying his wife Luisa Tan and graduating from UC Berkeley in 1972, Molina left moved to Southern California to continue his research at UC Irvine. \u00a0Molina taught at the Massachusetts Institute of Technology (MIT) from 1989 to 2004, leaving the east coast for a teaching position at UC San Diego.<\/p>\n<p>On November 20, 2013, then President Barack Obama awarded Molina the Presidential Medal of Freedom.<\/p>\n<p><strong>Citation<\/strong>: Biography.com Editors. (2019, August 26). Mario Molina Biography. Retrieved October 2, 2019, from https:\/\/www.biography.com\/scientist\/mario-molina.<\/p>\n<hr \/>\n<h3><strong>Dr. Bernardo Alberto Houssay<\/strong><\/h3>\n<div id=\"attachment_1957\" class=\"wp-caption alignleft\" style=\"width: 224px\"><img loading=\"lazy\" decoding=\"async\" class=\"size-medium wp-image-1957\" src=\"https:\/\/depts.washington.edu\/uwmedptn\/wp-content\/uploads\/Bernardo-Houssay-MD-The-Nobel-Prize-Foundation-214x300.jpg\" alt=\"\" width=\"214\" height=\"300\" srcset=\"https:\/\/depts.washington.edu\/uwmedptn\/wp-content\/uploads\/Bernardo-Houssay-MD-The-Nobel-Prize-Foundation-214x300.jpg 214w, https:\/\/depts.washington.edu\/uwmedptn\/wp-content\/uploads\/Bernardo-Houssay-MD-The-Nobel-Prize-Foundation.jpg 232w\" sizes=\"(max-width: 214px) 100vw, 214px\" \/><\/p>\n<p class=\"wp-caption-text\">Photo Credit: The Nobel Foundation<\/p>\n<\/div>\n<p>The recipient of the Nobel Prize in Physiology or Medicine in 1947, Dr. Bernardo Alberto Houssay was born in 1887 as one of eight children. His parents, Dr. Albert and Clara (n\u00e9e Laffont) Houssay brought his family to Buenos Aires from France. Houssay began his educational training at Colegio Brit\u00e1nico, after which he entered the School of Pharmacy at the University of Buenos Aires at the age of 14.\u00a0 Houssay graduated in 1904 and began studying medicine.\u00a0 He began working in the Department of Physiology within the same university in 1907 \u2013 while continuing his medical training.<\/p>\n<p>He then entered the School of Pharmacy of the University of Buenos Aires graduating in 1904 at the age of 14. He had already begun studying medicine, then in 1907, before completing his studies he began working in the Department of Physiology. Over the next decade, Houssay\u2026<\/p>\n<ul>\n<li>Was appointed Professor of Physiology in the University of Argentina\u2019s School of Veterinary<\/li>\n<li>Became Chief Physician at the <a href=\"https:\/\/www.buenosaires.gob.ar\/hospitalalvear\">Alvear Hospital<\/a><\/li>\n<li>Led the Laboratory of Experimental Physiology and Pathology in the Argentina National Department of Hygiene<\/li>\n<li>Became Professor of Physiology in the Medical School of the University of Buenos Aires<\/li>\n<li>Organized the Institute of Physiology in the Medical School.<\/li>\n<\/ul>\n<p>Houssay held the latter two posts until 1943, the year during with the Argentine government stripped him of his positions for expressing support for democracy in Argentina. In 1955, a new Argentine governmental administration reappointed him to his posts in the University.<\/p>\n<p>Houssay has authored over 500 papers and several books, won many prizes, and hold honorary degrees of 25 universities. He died on September 21, 1971.<\/p>\n<p><strong>Citation<\/strong>: Cori, C., Cori, G., Houssay, B., &amp; The Nobel Foundation. (1947). The Nobel Prize in Physiology or Medicine 1947. Retrieved October 2, 2019, from https:\/\/www.nobelprize.org\/prizes\/medicine\/1947\/houssay\/biographical\/<\/p>\n<hr \/>\n<h3><strong>Ildaura Murrillo-Rohde, PhD, RN, FAAN<\/strong><\/h3>\n<div id=\"attachment_1958\" class=\"wp-caption alignright\" style=\"width: 210px\"><img loading=\"lazy\" decoding=\"async\" class=\"size-full wp-image-1958\" src=\"https:\/\/depts.washington.edu\/uwmedptn\/wp-content\/uploads\/Dr.-Ildaura-Murrillo-Rohde-National-Association-of-Hispanic-Nurses-1.jpg\" alt=\"\" width=\"200\" height=\"250\" \/><\/p>\n<p class=\"wp-caption-text\">Photo Credit: National Association of Hispanic Nurses<\/p>\n<\/div>\n<p>After serving as an active member of the American Nurse Association \u2013 and realizing the organization was not meeting the needs of Latinx nurses \u2013 Dr. Murrillo-Rohde founded the National Association of Hispanic Nurses (NAHN) in 1975. Born on September 6, 1920 in Panama, Murrillo-Rohde arrived in the United States in 1945. She started her nursing career in San Antonio, Texas \u2013 in a community comprising Hispanic residents. The community had a visible shortage of Hispanic nurses, something Murrillo-Rohde observed in academic settings related to research and public policy, prompting her to do something about it.<\/p>\n<p>What followed were a series of professional and educational attainments, including:<\/p>\n<ul>\n<li>Earning a Bachelor\u2019s of Arts degree in psychiatric mental health nursing at Columbia University<\/li>\n<li>Obtaining a Master\u2019s &amp; Doctorate degrees at New York University<\/li>\n<li>A fellowship from the American Academy of Nursing<\/li>\n<li>Becoming faculty, professor, and eventually Dean of Nursing at the State University of New York (SUNY) in Brooklyn<\/li>\n<li>Serving as dean and professor emeritus of SUNY\u2019s School of Nursing<\/li>\n<li>Named permanent representative of <a href=\"https:\/\/www.unicef.org\/about-unicef\">UNICEF<\/a>, New York for the International Federation of Business and Professional Women<\/li>\n<\/ul>\n<p>Prior to falling ill, Murrillo-Rohde played an intimate role in convening NAHN conferences. The D<em>r. Ildaura Murillo-Rohde Award for Education Excellence by a Hispanic Registered Nurse<\/em> is conferred to honor NAHN members with stellar performance in any scholarship are and\/or nursing education.<\/p>\n<p>Murrillo-Rohde passed away on September 5, 2010 in Panama.<\/p>\n<p><strong>Citation<\/strong>: National Association of Hispanic Nurses. (n.d.). Dr. Ildaura Murillo-Rohde, PhD, RN, FAAN. Retrieved October 2, 2019, from http:\/\/nahnnet.org\/NAHN\/Content\/Ildaura_Murillo-Rohde.aspx<\/p>\n<hr \/>\n<h3 style=\"text-align: center;\"><a href=\"http:\/\/depts.washington.edu\/uwmedptn\/strategies-programs\/healthcare-equity\/hcetoolkit\/\">Return to Healthcare Equity Homepage<\/a><\/h3>\n","protected":false},"excerpt":{"rendered":"<p>Started in 1968 as Hispanic Heritage Week under President Lyndon Johnson when Congress passed Pub. L. 90-498, National Hispanic Heritage Month was expanded to 30 days by President Ronald Reagan in 1988. Beginning the observation on September 15th has significance \u2013 elevating the anniversary of independence for Latin American countries.\u00a0 These nations include Costa Rica,&#8230;<\/p>\n<div><a class=\"more\" href=\"https:\/\/depts.washington.edu\/uwmedptn\/strategies-programs\/healthcare-equity\/hcetoolkit\/healthcare-equity-related-commemorations\/2019-national-hispanic-heritage-month\/\">Read more<\/a><\/div>\n","protected":false},"author":12,"featured_media":0,"parent":1793,"menu_order":0,"comment_status":"closed","ping_status":"closed","template":"","meta":{"_acf_changed":false,"footnotes":""},"acf":[],"_links":{"self":[{"href":"https:\/\/depts.washington.edu\/uwmedptn\/wp-json\/wp\/v2\/pages\/1950"}],"collection":[{"href":"https:\/\/depts.washington.edu\/uwmedptn\/wp-json\/wp\/v2\/pages"}],"about":[{"href":"https:\/\/depts.washington.edu\/uwmedptn\/wp-json\/wp\/v2\/types\/page"}],"author":[{"embeddable":true,"href":"https:\/\/depts.washington.edu\/uwmedptn\/wp-json\/wp\/v2\/users\/12"}],"replies":[{"embeddable":true,"href":"https:\/\/depts.washington.edu\/uwmedptn\/wp-json\/wp\/v2\/comments?post=1950"}],"version-history":[{"count":6,"href":"https:\/\/depts.washington.edu\/uwmedptn\/wp-json\/wp\/v2\/pages\/1950\/revisions"}],"predecessor-version":[{"id":1972,"href":"https:\/\/depts.washington.edu\/uwmedptn\/wp-json\/wp\/v2\/pages\/1950\/revisions\/1972"}],"up":[{"embeddable":true,"href":"https:\/\/depts.washington.edu\/uwmedptn\/wp-json\/wp\/v2\/pages\/1793"}],"wp:attachment":[{"href":"https:\/\/depts.washington.edu\/uwmedptn\/wp-json\/wp\/v2\/media?parent=1950"}],"curies":[{"name":"wp","href":"https:\/\/api.w.org\/{rel}","templated":true}]}}